{"id":4739,"date":"2023-09-13T10:18:45","date_gmt":"2023-09-13T15:18:45","guid":{"rendered":"https:\/\/hospitalcarmenv.gov.co\/site\/?page_id=4739"},"modified":"2025-09-11T15:32:06","modified_gmt":"2025-09-11T20:32:06","slug":"planeacion-y-presupuesto-participativo","status":"publish","type":"page","link":"https:\/\/hospitalcarmenv.gov.co\/site\/planeacion-y-presupuesto-participativo\/","title":{"rendered":"Planeaci\u00f3n y presupuesto participativo"},"content":{"rendered":"<p>[et_pb_section fb_built=\u00bb1&#8243; _builder_version=\u00bb4.18.0&#8243; _module_preset=\u00bbdefault\u00bb background_image=\u00bbhttps:\/\/hospitalcarmenv.gov.co\/site\/wp-content\/uploads\/2022\/11\/descripcion-general-img.jpg\u00bb global_colors_info=\u00bb{}\u00bb][\/et_pb_section][et_pb_section fb_built=\u00bb1&#8243; _builder_version=\u00bb4.18.0&#8243; _module_preset=\u00bbdefault\u00bb min_height=\u00bb509.3px\u00bb custom_padding=\u00bb3%||7%||false|false\u00bb global_colors_info=\u00bb{}\u00bb][et_pb_row column_structure=\u00bb3_4,1_4&#8243; use_custom_gutter=\u00bbon\u00bb _builder_version=\u00bb4.18.0&#8243; _module_preset=\u00bbdefault\u00bb width_tablet=\u00bb90%\u00bb width_phone=\u00bb90%\u00bb width_last_edited=\u00bbon|tablet\u00bb min_height=\u00bb560.4px\u00bb custom_margin=\u00bb-1px|auto||auto||\u00bb custom_padding=\u00bb3%||0px||false|false\u00bb global_colors_info=\u00bb{}\u00bb][et_pb_column type=\u00bb3_4&#8243; _builder_version=\u00bb4.18.0&#8243; _module_preset=\u00bbdefault\u00bb custom_padding=\u00bb0px||||false|false\u00bb global_colors_info=\u00bb{}\u00bb custom_css_main_element_last_edited=\u00bbon|tablet\u00bb custom_css_main_element_tablet=\u00bbwidth: 50%;\u00bb custom_css_main_element_phone=\u00bbwidth: 50%;\u00bb][et_pb_text _builder_version=\u00bb4.18.0&#8243; _module_preset=\u00bbdefault\u00bb header_2_font=\u00bb|700|||||||\u00bb header_2_text_align=\u00bbleft\u00bb header_2_font_size=\u00bb35px\u00bb header_2_line_height=\u00bb1.3em\u00bb min_height=\u00bb41.5px\u00bb hover_enabled=\u00bb0&#8243; header_text_align_tablet=\u00bb\u00bb header_text_align_phone=\u00bbcenter\u00bb header_text_align_last_edited=\u00bbon|phone\u00bb header_2_text_align_tablet=\u00bbleft\u00bb header_2_text_align_phone=\u00bbcenter\u00bb header_2_text_align_last_edited=\u00bbon|phone\u00bb text_orientation_tablet=\u00bb\u00bb text_orientation_phone=\u00bbcenter\u00bb text_orientation_last_edited=\u00bbon|phone\u00bb locked=\u00bboff\u00bb global_colors_info=\u00bb{}\u00bb sticky_enabled=\u00bb0&#8243;]<\/p>\n<h1><strong>6.2.2. Planeaci\u00f3n y presupuesto participativo<\/strong><\/h1>\n<p>[\/et_pb_text][et_pb_text _builder_version=\u00bb4.18.0&#8243; _module_preset=\u00bbdefault\u00bb text_font_size=\u00bb16px\u00bb custom_margin=\u00bb1px||||false|false\u00bb text_orientation_tablet=\u00bb\u00bb text_orientation_phone=\u00bbcenter\u00bb text_orientation_last_edited=\u00bbon|phone\u00bb locked=\u00bboff\u00bb global_colors_info=\u00bb{}\u00bb min_height=\u00bb209.2px\u00bb]<\/p>\n<p style=\"text-align: left;\"><span>En virtud del marco normativo que nos rige (Decreto 1876 de 1994, Decreto 883 de 2015) y dem\u00e1s normas concordantes, el Hospital San Juan de Dios de El Carmen de Viboral no decide y delibera conjuntamente con la ciudadan\u00eda la asignaci\u00f3n de los recursos p\u00fablicos, dado su car\u00e1cter de Empresa Social del Estado, del orden municipal, descentralizada, con personer\u00eda jur\u00eddica, patrimonio propio y autonom\u00eda administrativa, sujeta al r\u00e9gimen jur\u00eddico propio de las personas de derecho p\u00fablico, con las excepciones que consagren las disposiciones legales, cuyo objetivo es la prestaci\u00f3n de servicio de salud, entendido como un servicio p\u00fablico a cargo del Estado y como parte integrante del Sistema de Seguridad Social en Salud; raz\u00f3n por la cual, no le aplica el reporte y divulgaci\u00f3n de informaci\u00f3n respecto al proceso de planeaci\u00f3n y presupuesto participativo, de acuerdo con lo previsto en el art\u00edculo 90 y ss. de la Ley 1757 de 2015.<\/span><\/p>\n<p>[\/et_pb_text][\/et_pb_column][et_pb_column type=\u00bb1_4&#8243; _builder_version=\u00bb4.18.0&#8243; _module_preset=\u00bbdefault\u00bb custom_padding_tablet=\u00bb|4%|||false|false\u00bb custom_padding_phone=\u00bb|4%|||false|false\u00bb custom_padding_last_edited=\u00bbon|tablet\u00bb global_colors_info=\u00bb{}\u00bb custom_css_main_element_last_edited=\u00bbon|tablet\u00bb custom_css_main_element_tablet=\u00bbwidth: 50%;\u00bb custom_css_main_element_phone=\u00bbwidth: 50%;\u00bb][\/et_pb_column][\/et_pb_row][\/et_pb_section]<\/p>\n","protected":false},"excerpt":{"rendered":"<p>6.2.2. Planeaci\u00f3n y presupuesto participativoEn virtud del marco normativo que nos rige (Decreto 1876 de 1994, Decreto 883 de 2015) y dem\u00e1s normas concordantes, el Hospital San Juan de Dios de El Carmen de Viboral no decide y delibera conjuntamente con la ciudadan\u00eda la asignaci\u00f3n de los recursos p\u00fablicos, dado su car\u00e1cter de Empresa Social [&hellip;]<\/p>\n","protected":false},"author":1,"featured_media":0,"parent":0,"menu_order":0,"comment_status":"closed","ping_status":"closed","template":"","meta":{"_et_pb_use_builder":"on","_et_pb_old_content":"","_et_gb_content_width":"","_joinchat":[],"footnotes":""},"class_list":["post-4739","page","type-page","status-publish","hentry"],"yoast_head":"<!-- This site is optimized with the Yoast SEO plugin v27.4 - https:\/\/yoast.com\/product\/yoast-seo-wordpress\/ -->\n<title>Planeaci\u00f3n y presupuesto participativo - Hospital San Juan de Dios<\/title>\n<meta name=\"robots\" content=\"index, follow, max-snippet:-1, max-image-preview:large, max-video-preview:-1\" \/>\n<link rel=\"canonical\" href=\"https:\/\/hospitalcarmenv.gov.co\/site\/planeacion-y-presupuesto-participativo\/\" \/>\n<meta property=\"og:locale\" content=\"es_ES\" \/>\n<meta property=\"og:type\" content=\"article\" \/>\n<meta property=\"og:title\" content=\"Planeaci\u00f3n y presupuesto participativo - Hospital San Juan de Dios\" \/>\n<meta property=\"og:description\" content=\"6.2.2. Planeaci\u00f3n y presupuesto participativoEn virtud del marco normativo que nos rige (Decreto 1876 de 1994, Decreto 883 de 2015) y dem\u00e1s normas concordantes, el Hospital San Juan de Dios de El Carmen de Viboral no decide y delibera conjuntamente con la ciudadan\u00eda la asignaci\u00f3n de los recursos p\u00fablicos, dado su car\u00e1cter de Empresa Social [&hellip;]\" \/>\n<meta property=\"og:url\" content=\"https:\/\/hospitalcarmenv.gov.co\/site\/planeacion-y-presupuesto-participativo\/\" \/>\n<meta property=\"og:site_name\" content=\"Hospital San Juan de Dios\" \/>\n<meta property=\"article:publisher\" content=\"https:\/\/www.facebook.com\/p\/Hospital-El-Carmen-de-Viboral-100057399410194\/?locale=es_LA\" \/>\n<meta property=\"article:modified_time\" content=\"2025-09-11T20:32:06+00:00\" \/>\n<meta name=\"twitter:card\" content=\"summary_large_image\" \/>\n<meta name=\"twitter:label1\" content=\"Tiempo de lectura\" \/>\n\t<meta name=\"twitter:data1\" content=\"2 minutos\" \/>\n<script type=\"application\/ld+json\" class=\"yoast-schema-graph\">{\"@context\":\"https:\\\/\\\/schema.org\",\"@graph\":[{\"@type\":\"WebPage\",\"@id\":\"https:\\\/\\\/hospitalcarmenv.gov.co\\\/site\\\/planeacion-y-presupuesto-participativo\\\/\",\"url\":\"https:\\\/\\\/hospitalcarmenv.gov.co\\\/site\\\/planeacion-y-presupuesto-participativo\\\/\",\"name\":\"Planeaci\u00f3n y presupuesto participativo - Hospital San Juan de Dios\",\"isPartOf\":{\"@id\":\"https:\\\/\\\/hospitalcarmenv.gov.co\\\/site\\\/#website\"},\"datePublished\":\"2023-09-13T15:18:45+00:00\",\"dateModified\":\"2025-09-11T20:32:06+00:00\",\"breadcrumb\":{\"@id\":\"https:\\\/\\\/hospitalcarmenv.gov.co\\\/site\\\/planeacion-y-presupuesto-participativo\\\/#breadcrumb\"},\"inLanguage\":\"es\",\"potentialAction\":[{\"@type\":\"ReadAction\",\"target\":[\"https:\\\/\\\/hospitalcarmenv.gov.co\\\/site\\\/planeacion-y-presupuesto-participativo\\\/\"]}]},{\"@type\":\"BreadcrumbList\",\"@id\":\"https:\\\/\\\/hospitalcarmenv.gov.co\\\/site\\\/planeacion-y-presupuesto-participativo\\\/#breadcrumb\",\"itemListElement\":[{\"@type\":\"ListItem\",\"position\":1,\"name\":\"Inicio\",\"item\":\"https:\\\/\\\/hospitalcarmenv.gov.co\\\/site\\\/\"},{\"@type\":\"ListItem\",\"position\":2,\"name\":\"Planeaci\u00f3n y presupuesto participativo\"}]},{\"@type\":\"WebSite\",\"@id\":\"https:\\\/\\\/hospitalcarmenv.gov.co\\\/site\\\/#website\",\"url\":\"https:\\\/\\\/hospitalcarmenv.gov.co\\\/site\\\/\",\"name\":\"Hospital San Juan de Dios\",\"description\":\"El Carmen de Viboral\",\"publisher\":{\"@id\":\"https:\\\/\\\/hospitalcarmenv.gov.co\\\/site\\\/#organization\"},\"potentialAction\":[{\"@type\":\"SearchAction\",\"target\":{\"@type\":\"EntryPoint\",\"urlTemplate\":\"https:\\\/\\\/hospitalcarmenv.gov.co\\\/site\\\/?s={search_term_string}\"},\"query-input\":{\"@type\":\"PropertyValueSpecification\",\"valueRequired\":true,\"valueName\":\"search_term_string\"}}],\"inLanguage\":\"es\"},{\"@type\":\"Organization\",\"@id\":\"https:\\\/\\\/hospitalcarmenv.gov.co\\\/site\\\/#organization\",\"name\":\"Hospital San Juan de Dios\",\"url\":\"https:\\\/\\\/hospitalcarmenv.gov.co\\\/site\\\/\",\"logo\":{\"@type\":\"ImageObject\",\"inLanguage\":\"es\",\"@id\":\"https:\\\/\\\/hospitalcarmenv.gov.co\\\/site\\\/#\\\/schema\\\/logo\\\/image\\\/\",\"url\":\"https:\\\/\\\/hospitalcarmenv.gov.co\\\/site\\\/wp-content\\\/uploads\\\/2022\\\/10\\\/logo-hospital.png\",\"contentUrl\":\"https:\\\/\\\/hospitalcarmenv.gov.co\\\/site\\\/wp-content\\\/uploads\\\/2022\\\/10\\\/logo-hospital.png\",\"width\":610,\"height\":190,\"caption\":\"Hospital San Juan de Dios\"},\"image\":{\"@id\":\"https:\\\/\\\/hospitalcarmenv.gov.co\\\/site\\\/#\\\/schema\\\/logo\\\/image\\\/\"},\"sameAs\":[\"https:\\\/\\\/www.facebook.com\\\/p\\\/Hospital-El-Carmen-de-Viboral-100057399410194\\\/?locale=es_LA\",\"https:\\\/\\\/www.instagram.com\\\/hospitalelcarmendev\\\/\"]}]}<\/script>\n<!-- \/ Yoast SEO plugin. -->","yoast_head_json":{"title":"Planeaci\u00f3n y presupuesto participativo - Hospital San Juan de Dios","robots":{"index":"index","follow":"follow","max-snippet":"max-snippet:-1","max-image-preview":"max-image-preview:large","max-video-preview":"max-video-preview:-1"},"canonical":"https:\/\/hospitalcarmenv.gov.co\/site\/planeacion-y-presupuesto-participativo\/","og_locale":"es_ES","og_type":"article","og_title":"Planeaci\u00f3n y presupuesto participativo - Hospital San Juan de Dios","og_description":"6.2.2. Planeaci\u00f3n y presupuesto participativoEn virtud del marco normativo que nos rige (Decreto 1876 de 1994, Decreto 883 de 2015) y dem\u00e1s normas concordantes, el Hospital San Juan de Dios de El Carmen de Viboral no decide y delibera conjuntamente con la ciudadan\u00eda la asignaci\u00f3n de los recursos p\u00fablicos, dado su car\u00e1cter de Empresa Social [&hellip;]","og_url":"https:\/\/hospitalcarmenv.gov.co\/site\/planeacion-y-presupuesto-participativo\/","og_site_name":"Hospital San Juan de Dios","article_publisher":"https:\/\/www.facebook.com\/p\/Hospital-El-Carmen-de-Viboral-100057399410194\/?locale=es_LA","article_modified_time":"2025-09-11T20:32:06+00:00","twitter_card":"summary_large_image","twitter_misc":{"Tiempo de lectura":"2 minutos"},"schema":{"@context":"https:\/\/schema.org","@graph":[{"@type":"WebPage","@id":"https:\/\/hospitalcarmenv.gov.co\/site\/planeacion-y-presupuesto-participativo\/","url":"https:\/\/hospitalcarmenv.gov.co\/site\/planeacion-y-presupuesto-participativo\/","name":"Planeaci\u00f3n y presupuesto participativo - Hospital San Juan de Dios","isPartOf":{"@id":"https:\/\/hospitalcarmenv.gov.co\/site\/#website"},"datePublished":"2023-09-13T15:18:45+00:00","dateModified":"2025-09-11T20:32:06+00:00","breadcrumb":{"@id":"https:\/\/hospitalcarmenv.gov.co\/site\/planeacion-y-presupuesto-participativo\/#breadcrumb"},"inLanguage":"es","potentialAction":[{"@type":"ReadAction","target":["https:\/\/hospitalcarmenv.gov.co\/site\/planeacion-y-presupuesto-participativo\/"]}]},{"@type":"BreadcrumbList","@id":"https:\/\/hospitalcarmenv.gov.co\/site\/planeacion-y-presupuesto-participativo\/#breadcrumb","itemListElement":[{"@type":"ListItem","position":1,"name":"Inicio","item":"https:\/\/hospitalcarmenv.gov.co\/site\/"},{"@type":"ListItem","position":2,"name":"Planeaci\u00f3n y presupuesto participativo"}]},{"@type":"WebSite","@id":"https:\/\/hospitalcarmenv.gov.co\/site\/#website","url":"https:\/\/hospitalcarmenv.gov.co\/site\/","name":"Hospital San Juan de Dios","description":"El Carmen de Viboral","publisher":{"@id":"https:\/\/hospitalcarmenv.gov.co\/site\/#organization"},"potentialAction":[{"@type":"SearchAction","target":{"@type":"EntryPoint","urlTemplate":"https:\/\/hospitalcarmenv.gov.co\/site\/?s={search_term_string}"},"query-input":{"@type":"PropertyValueSpecification","valueRequired":true,"valueName":"search_term_string"}}],"inLanguage":"es"},{"@type":"Organization","@id":"https:\/\/hospitalcarmenv.gov.co\/site\/#organization","name":"Hospital San Juan de Dios","url":"https:\/\/hospitalcarmenv.gov.co\/site\/","logo":{"@type":"ImageObject","inLanguage":"es","@id":"https:\/\/hospitalcarmenv.gov.co\/site\/#\/schema\/logo\/image\/","url":"https:\/\/hospitalcarmenv.gov.co\/site\/wp-content\/uploads\/2022\/10\/logo-hospital.png","contentUrl":"https:\/\/hospitalcarmenv.gov.co\/site\/wp-content\/uploads\/2022\/10\/logo-hospital.png","width":610,"height":190,"caption":"Hospital San Juan de Dios"},"image":{"@id":"https:\/\/hospitalcarmenv.gov.co\/site\/#\/schema\/logo\/image\/"},"sameAs":["https:\/\/www.facebook.com\/p\/Hospital-El-Carmen-de-Viboral-100057399410194\/?locale=es_LA","https:\/\/www.instagram.com\/hospitalelcarmendev\/"]}]}},"_links":{"self":[{"href":"https:\/\/hospitalcarmenv.gov.co\/site\/wp-json\/wp\/v2\/pages\/4739","targetHints":{"allow":["GET"]}}],"collection":[{"href":"https:\/\/hospitalcarmenv.gov.co\/site\/wp-json\/wp\/v2\/pages"}],"about":[{"href":"https:\/\/hospitalcarmenv.gov.co\/site\/wp-json\/wp\/v2\/types\/page"}],"author":[{"embeddable":true,"href":"https:\/\/hospitalcarmenv.gov.co\/site\/wp-json\/wp\/v2\/users\/1"}],"replies":[{"embeddable":true,"href":"https:\/\/hospitalcarmenv.gov.co\/site\/wp-json\/wp\/v2\/comments?post=4739"}],"version-history":[{"count":5,"href":"https:\/\/hospitalcarmenv.gov.co\/site\/wp-json\/wp\/v2\/pages\/4739\/revisions"}],"predecessor-version":[{"id":16323,"href":"https:\/\/hospitalcarmenv.gov.co\/site\/wp-json\/wp\/v2\/pages\/4739\/revisions\/16323"}],"wp:attachment":[{"href":"https:\/\/hospitalcarmenv.gov.co\/site\/wp-json\/wp\/v2\/media?parent=4739"}],"curies":[{"name":"wp","href":"https:\/\/api.w.org\/{rel}","templated":true}]}}