{"id":336,"date":"2022-10-27T15:47:50","date_gmt":"2022-10-27T20:47:50","guid":{"rendered":"https:\/\/hospitalcarmenv.gov.co\/site\/?page_id=336"},"modified":"2025-11-07T16:12:57","modified_gmt":"2025-11-07T21:12:57","slug":"educacion","status":"publish","type":"page","link":"https:\/\/hospitalcarmenv.gov.co\/site\/educacion\/","title":{"rendered":"Educaci\u00f3n"},"content":{"rendered":"<p>[et_pb_section fb_built=\u00bb1&#8243; _builder_version=\u00bb4.18.0&#8243; _module_preset=\u00bbdefault\u00bb background_image=\u00bbhttps:\/\/hospitalcarmenv.gov.co\/site\/wp-content\/uploads\/2022\/11\/descripcion-general-img.jpg\u00bb global_colors_info=\u00bb{}\u00bb][et_pb_row _builder_version=\u00bb4.18.0&#8243; _module_preset=\u00bbdefault\u00bb global_colors_info=\u00bb{}\u00bb][et_pb_column type=\u00bb4_4&#8243; _builder_version=\u00bb4.18.0&#8243; _module_preset=\u00bbdefault\u00bb global_colors_info=\u00bb{}\u00bb][et_pb_text _builder_version=\u00bb4.18.0&#8243; _module_preset=\u00bbdefault\u00bb text_font=\u00bb|700|||||||\u00bb header_font=\u00bb|700|||||||\u00bb header_text_color=\u00bb#FFFFFF\u00bb header_font_size=\u00bb40px\u00bb text_orientation=\u00bbcenter\u00bb global_colors_info=\u00bb{}\u00bb]<\/p>\n<h1>Educaci\u00f3n<\/h1>\n<p>[\/et_pb_text][\/et_pb_column][\/et_pb_row][\/et_pb_section][et_pb_section fb_built=\u00bb1&#8243; _builder_version=\u00bb4.18.0&#8243; _module_preset=\u00bbdefault\u00bb custom_padding=\u00bb0%||0%||true|false\u00bb global_colors_info=\u00bb{}\u00bb][et_pb_row _builder_version=\u00bb4.18.0&#8243; _module_preset=\u00bbdefault\u00bb global_colors_info=\u00bb{}\u00bb][et_pb_column type=\u00bb4_4&#8243; _builder_version=\u00bb4.18.0&#8243; _module_preset=\u00bbdefault\u00bb global_colors_info=\u00bb{}\u00bb][et_pb_icon font_icon=\u00bb&#xf19d;||fa||900&#8243; icon_color=\u00bb#9bc179&#8243; icon_width=\u00bb50px\u00bb _builder_version=\u00bb4.18.0&#8243; _module_preset=\u00bbdefault\u00bb global_colors_info=\u00bb{}\u00bb][\/et_pb_icon][et_pb_text _builder_version=\u00bb4.18.0&#8243; _module_preset=\u00bbdefault\u00bb hover_enabled=\u00bb0&#8243; global_colors_info=\u00bb{}\u00bb sticky_enabled=\u00bb0&#8243;]<\/p>\n<h1 style=\"text-align: center;\">Cursos de Vida y Cuidados<\/h1>\n<p style=\"text-align: justify;\">En esta secci\u00f3n encontrar\u00e1s informaci\u00f3n educativa orientada a la Promoci\u00f3n y Mantenimiento de la Salud, con recomendaciones y contenidos espec\u00edficos para cada etapa del ciclo vital y para el cuidado seguro en el hogar. Nuestro prop\u00f3sito es brindar herramientas para fortalecer h\u00e1bitos saludables, prevenir riesgos y acompa\u00f1ar el autocuidado de las personas y sus familias.<\/p>\n<p>[\/et_pb_text][\/et_pb_column][\/et_pb_row][et_pb_row column_structure=\u00bb1_2,1_2&#8243; _builder_version=\u00bb4.18.0&#8243; _module_preset=\u00bbdefault\u00bb min_height=\u00bb174.8px\u00bb global_colors_info=\u00bb{}\u00bb][et_pb_column type=\u00bb1_2&#8243; _builder_version=\u00bb4.18.0&#8243; _module_preset=\u00bbdefault\u00bb global_colors_info=\u00bb{}\u00bb][et_pb_blurb image=\u00bbhttps:\/\/hospitalcarmenv.gov.co\/site\/wp-content\/uploads\/2025\/11\/family.png\u00bb alt=\u00bbciclo-de-vida-pym\u00bb image_icon_width=\u00bb70%\u00bb _builder_version=\u00bb4.18.0&#8243; _module_preset=\u00bbdefault\u00bb hover_enabled=\u00bb0&#8243; global_colors_info=\u00bb{}\u00bb sticky_enabled=\u00bb0&#8243;]<\/p>\n<h3>Ciclos de vida<\/h3>\n<p style=\"text-align: justify;\">Consulta aqu\u00ed la informaci\u00f3n clave correspondiente a los programas de Promoci\u00f3n y Mantenimiento de la Salud que desarrolla nuestra instituci\u00f3n, orientados al cuidado integral en cada etapa del ciclo vital.<\/p>\n<p><a href=\"https:\/\/appsites-my.sharepoint.com\/:f:\/g\/personal\/hospitalcarmenv_appsites_onmicrosoft_com\/Eg1HLvFDxMVGnP3e3P7kmv8B3qzb4EIsXc42zPMUb5co6w?e=ohPjgl\" target=\"_blank\" rel=\"noopener\" title=\"Acceder al contenido educativo en l\u00ednea\" style=\"display: inline-block; padding: 9px 18px; border-radius: 9999px; background-color: #0f766e; color: #ffffff; font-weight: 600; font-size: 15px; text-decoration: none; line-height: 1; transition: all .25s ease; cursor: pointer;\" onmouseover=\"this.style.backgroundColor='#0d9488'\" onmouseout=\"this.style.backgroundColor='#0f766e'\"><br \/>Acceder al contenido educativo<br \/><\/a><\/p>\n<p>[\/et_pb_blurb][\/et_pb_column][et_pb_column type=\u00bb1_2&#8243; _builder_version=\u00bb4.18.0&#8243; _module_preset=\u00bbdefault\u00bb global_colors_info=\u00bb{}\u00bb][et_pb_blurb image=\u00bbhttps:\/\/hospitalcarmenv.gov.co\/site\/wp-content\/uploads\/2025\/11\/healthcare.png\u00bb alt=\u00bbcuidados-en-el-hogar\u00bb image_icon_width=\u00bb70%\u00bb _builder_version=\u00bb4.18.0&#8243; _module_preset=\u00bbdefault\u00bb hover_enabled=\u00bb0&#8243; global_colors_info=\u00bb{}\u00bb sticky_enabled=\u00bb0&#8243;]<\/p>\n<h3>Cuidados en el Hogar<\/h3>\n<p style=\"text-align: justify;\">Consulta aqu\u00ed la informaci\u00f3n clave con recomendaciones y orientaciones para el cuidado de la salud desde casa. Encuentra gu\u00edas pr\u00e1cticas, h\u00e1bitos saludables y medidas de prevenci\u00f3n para proteger tu bienestar y el de tu familia.<\/p>\n<p><a href=\"https:\/\/appsites-my.sharepoint.com\/:f:\/g\/personal\/hospitalcarmenv_appsites_onmicrosoft_com\/EoRK2lrheZRPpDTm_R2YvRsBF51m1xyYsp9JeRg-8aI4Ug?e=IgJQwj\" target=\"_blank\" rel=\"noopener\" title=\"Acceder al contenido educativo en l\u00ednea\" style=\"display: inline-block; padding: 9px 18px; border-radius: 9999px; background-color: #0f766e; color: #ffffff; font-weight: 600; font-size: 15px; text-decoration: none; line-height: 1; transition: all .25s ease; cursor: pointer;\" onmouseover=\"this.style.backgroundColor='#0d9488'\" onmouseout=\"this.style.backgroundColor='#0f766e'\"><br \/>Acceder al contenido educativo<br \/><\/a><\/p>\n<p>[\/et_pb_blurb][\/et_pb_column][\/et_pb_row][et_pb_row _builder_version=\u00bb4.18.0&#8243; _module_preset=\u00bbdefault\u00bb width=\u00bb55%\u00bb width_tablet=\u00bb80%\u00bb width_phone=\u00bb80%\u00bb width_last_edited=\u00bbon|tablet\u00bb module_alignment=\u00bbcenter\u00bb custom_margin=\u00bb|428px||auto||\u00bb global_colors_info=\u00bb{}\u00bb][et_pb_column type=\u00bb4_4&#8243; _builder_version=\u00bb4.18.0&#8243; _module_preset=\u00bbdefault\u00bb global_colors_info=\u00bb{}\u00bb][et_pb_text _builder_version=\u00bb4.18.0&#8243; _module_preset=\u00bbdefault\u00bb text_font_size=\u00bb16px\u00bb text_orientation=\u00bbcenter\u00bb global_colors_info=\u00bb{}\u00bb]<\/p>\n<p>Es un hecho que pacientes y profesionales de la salud utilizan internet como fuente de informaci\u00f3n para estar al tanto de lo que est\u00e1 pasando con la salud a nivel mundial.<\/p>\n<p>\u00bfCu\u00e1les son las p\u00e1ginas web de salud m\u00e1s visitadas del mundo?<\/p>\n<p><em><strong>\u00b0Aqu\u00ed te dejamos las m\u00e1s importantes\u00b0<\/strong><\/em><\/p>\n<p>[\/et_pb_text][\/et_pb_column][\/et_pb_row][et_pb_row column_structure=\u00bb2_5,3_5&#8243; use_custom_gutter=\u00bbon\u00bb gutter_width=\u00bb1&#8243; custom_padding_last_edited=\u00bbon|tablet\u00bb _builder_version=\u00bb4.18.0&#8243; _module_preset=\u00bbdefault\u00bb width_tablet=\u00bb95%\u00bb width_phone=\u00bb95%\u00bb width_last_edited=\u00bbon|tablet\u00bb custom_padding_tablet=\u00bb0px||||false|false\u00bb custom_padding_phone=\u00bb0px||||false|false\u00bb global_colors_info=\u00bb{}\u00bb][et_pb_column type=\u00bb2_5&#8243; _builder_version=\u00bb4.18.0&#8243; _module_preset=\u00bbdefault\u00bb custom_padding=\u00bb4%||||false|false\u00bb custom_padding_tablet=\u00bb10%|2%|||false|false\u00bb custom_padding_phone=\u00bb0%||10%||false|false\u00bb custom_padding_last_edited=\u00bbon|tablet\u00bb global_colors_info=\u00bb{}\u00bb custom_css_main_element_last_edited=\u00bbon|tablet\u00bb custom_css_main_element_tablet=\u00bbwidth: 30%;\u00bb custom_css_main_element_phone=\u00bbwidth: 30%;\u00bb][et_pb_button button_url=\u00bbhttps:\/\/medlineplus.gov\/spanish\/\u00bb url_new_window=\u00bbon\u00bb button_text=\u00bbMedline plus\u00bb button_alignment=\u00bbleft\u00bb button_alignment_tablet=\u00bbleft\u00bb button_alignment_phone=\u00bbcenter\u00bb button_alignment_last_edited=\u00bbon|phone\u00bb _builder_version=\u00bb4.18.0&#8243; _module_preset=\u00bbdefault\u00bb custom_button=\u00bbon\u00bb button_text_size=\u00bb15px\u00bb button_text_color=\u00bb#FFFFFF\u00bb button_bg_color=\u00bb#96bddc\u00bb button_border_width=\u00bb0px\u00bb button_border_radius=\u00bb50px\u00bb button_use_icon=\u00bboff\u00bb custom_margin=\u00bb4%||||false|false\u00bb custom_padding=\u00bb3%|40%|3%|9%|true|false\u00bb custom_padding_tablet=\u00bb3%|10%|3%|10%|true|true\u00bb custom_padding_phone=\u00bb2%|10%|2%|10%|true|true\u00bb custom_padding_last_edited=\u00bbon|phone\u00bb locked=\u00bboff\u00bb global_colors_info=\u00bb{}\u00bb button_bg_color__hover_enabled=\u00bbon|desktop\u00bb button_bg_color__hover=\u00bb#13243f\u00bb button_bg_enable_color__hover=\u00bbon\u00bb][\/et_pb_button][et_pb_button button_url=\u00bbhttps:\/\/www.webconsultas.com\/\u00bb url_new_window=\u00bbon\u00bb button_text=\u00bbWeb consultas\u00bb button_alignment=\u00bbleft\u00bb button_alignment_tablet=\u00bbleft\u00bb button_alignment_phone=\u00bbcenter\u00bb button_alignment_last_edited=\u00bbon|phone\u00bb _builder_version=\u00bb4.18.0&#8243; _module_preset=\u00bbdefault\u00bb custom_button=\u00bbon\u00bb button_text_size=\u00bb15px\u00bb button_text_color=\u00bb#FFFFFF\u00bb button_bg_color=\u00bb#96bddc\u00bb button_border_width=\u00bb0px\u00bb button_border_radius=\u00bb50px\u00bb button_use_icon=\u00bboff\u00bb custom_margin=\u00bb4%||||false|false\u00bb custom_padding=\u00bb3%|37%|3%|9%|true|false\u00bb custom_padding_tablet=\u00bb3%|10%|3%|10%|true|true\u00bb custom_padding_phone=\u00bb2%|10%|2%|10%|true|true\u00bb custom_padding_last_edited=\u00bbon|phone\u00bb locked=\u00bboff\u00bb global_colors_info=\u00bb{}\u00bb button_bg_color__hover_enabled=\u00bbon|desktop\u00bb button_bg_color__hover=\u00bb#13243f\u00bb button_bg_enable_color__hover=\u00bbon\u00bb][\/et_pb_button][et_pb_button button_url=\u00bbhttps:\/\/www.who.int\/es\/\u00bb url_new_window=\u00bbon\u00bb button_text=\u00bbOrganizaci\u00f3n mundial de la salud\u00bb button_alignment=\u00bbleft\u00bb button_alignment_tablet=\u00bbleft\u00bb button_alignment_phone=\u00bbcenter\u00bb button_alignment_last_edited=\u00bbon|phone\u00bb _builder_version=\u00bb4.18.0&#8243; _module_preset=\u00bbdefault\u00bb custom_button=\u00bbon\u00bb button_text_size=\u00bb15px\u00bb button_text_color=\u00bb#FFFFFF\u00bb button_bg_color=\u00bb#96bddc\u00bb button_border_width=\u00bb0px\u00bb button_border_radius=\u00bb50px\u00bb button_use_icon=\u00bboff\u00bb custom_margin=\u00bb4%||||false|false\u00bb custom_padding=\u00bb3%|9%|3%|9%|true|true\u00bb custom_padding_tablet=\u00bb3%|10%|3%|10%|true|true\u00bb custom_padding_phone=\u00bb2%|10%|2%|10%|true|true\u00bb custom_padding_last_edited=\u00bbon|phone\u00bb locked=\u00bboff\u00bb global_colors_info=\u00bb{}\u00bb button_bg_color__hover_enabled=\u00bbon|desktop\u00bb button_bg_color__hover=\u00bb#13243f\u00bb button_bg_enable_color__hover=\u00bbon\u00bb][\/et_pb_button][et_pb_button button_url=\u00bbhttps:\/\/efesalud.com\/\u00bb url_new_window=\u00bbon\u00bb button_text=\u00bbEfe salud\u00bb button_alignment=\u00bbleft\u00bb button_alignment_tablet=\u00bbleft\u00bb button_alignment_phone=\u00bbcenter\u00bb button_alignment_last_edited=\u00bbon|phone\u00bb _builder_version=\u00bb4.18.0&#8243; _module_preset=\u00bbdefault\u00bb custom_button=\u00bbon\u00bb button_text_size=\u00bb15px\u00bb button_text_color=\u00bb#FFFFFF\u00bb button_bg_color=\u00bb#96bddc\u00bb button_border_width=\u00bb0px\u00bb button_border_radius=\u00bb50px\u00bb button_use_icon=\u00bboff\u00bb custom_margin=\u00bb4%||||false|false\u00bb custom_padding=\u00bb3%|46%|3%|9%|true|false\u00bb custom_padding_tablet=\u00bb3%|10%|3%|10%|true|true\u00bb custom_padding_phone=\u00bb2%|10%|2%|10%|true|true\u00bb custom_padding_last_edited=\u00bbon|phone\u00bb locked=\u00bboff\u00bb global_colors_info=\u00bb{}\u00bb button_bg_color__hover_enabled=\u00bbon|desktop\u00bb button_bg_color__hover=\u00bb#13243f\u00bb button_bg_enable_color__hover=\u00bbon\u00bb][\/et_pb_button][\/et_pb_column][et_pb_column type=\u00bb3_5&#8243; _builder_version=\u00bb4.18.0&#8243; _module_preset=\u00bbdefault\u00bb global_colors_info=\u00bb{}\u00bb custom_css_main_element_last_edited=\u00bbon|tablet\u00bb custom_css_main_element_tablet=\u00bbwidth: 70%;\u00bb custom_css_main_element_phone=\u00bbwidth: 70%;\u00bb][et_pb_image src=\u00bbhttps:\/\/hospitalcarmenv.gov.co\/site\/wp-content\/uploads\/2022\/11\/educacion-img-1.jpg\u00bb title_text=\u00bbeducacion-img-1&#8243; _builder_version=\u00bb4.18.0&#8243; _module_preset=\u00bbdefault\u00bb global_colors_info=\u00bb{}\u00bb][\/et_pb_image][\/et_pb_column][\/et_pb_row][\/et_pb_section]<\/p>\n","protected":false},"excerpt":{"rendered":"<p>Educaci\u00f3nCursos de Vida y Cuidados En esta secci\u00f3n encontrar\u00e1s informaci\u00f3n educativa orientada a la Promoci\u00f3n y Mantenimiento de la Salud, con recomendaciones y contenidos espec\u00edficos para cada etapa del ciclo vital y para el cuidado seguro en el hogar. Nuestro prop\u00f3sito es brindar herramientas para fortalecer h\u00e1bitos saludables, prevenir riesgos y acompa\u00f1ar el autocuidado de [&hellip;]<\/p>\n","protected":false},"author":1,"featured_media":0,"parent":0,"menu_order":0,"comment_status":"closed","ping_status":"closed","template":"","meta":{"_et_pb_use_builder":"on","_et_pb_old_content":"<!-- wp:divi\/placeholder \/-->","_et_gb_content_width":"","_joinchat":[],"footnotes":""},"class_list":["post-336","page","type-page","status-publish","hentry"],"yoast_head":"<!-- This site is optimized with the Yoast SEO plugin v27.6 - https:\/\/yoast.com\/product\/yoast-seo-wordpress\/ -->\n<title>Educaci\u00f3n - Hospital San Juan de Dios<\/title>\n<meta name=\"robots\" content=\"index, follow, max-snippet:-1, max-image-preview:large, max-video-preview:-1\" \/>\n<link rel=\"canonical\" href=\"https:\/\/hospitalcarmenv.gov.co\/site\/educacion\/\" \/>\n<meta property=\"og:locale\" content=\"es_ES\" \/>\n<meta property=\"og:type\" content=\"article\" \/>\n<meta property=\"og:title\" content=\"Educaci\u00f3n - Hospital San Juan de Dios\" \/>\n<meta property=\"og:description\" content=\"Educaci\u00f3nCursos de Vida y Cuidados En esta secci\u00f3n encontrar\u00e1s informaci\u00f3n educativa orientada a la Promoci\u00f3n y Mantenimiento de la Salud, con recomendaciones y contenidos espec\u00edficos para cada etapa del ciclo vital y para el cuidado seguro en el hogar. Nuestro prop\u00f3sito es brindar herramientas para fortalecer h\u00e1bitos saludables, prevenir riesgos y acompa\u00f1ar el autocuidado de [&hellip;]\" \/>\n<meta property=\"og:url\" content=\"https:\/\/hospitalcarmenv.gov.co\/site\/educacion\/\" \/>\n<meta property=\"og:site_name\" content=\"Hospital San Juan de Dios\" \/>\n<meta property=\"article:publisher\" content=\"https:\/\/www.facebook.com\/p\/Hospital-El-Carmen-de-Viboral-100057399410194\/?locale=es_LA\" \/>\n<meta property=\"article:modified_time\" content=\"2025-11-07T21:12:57+00:00\" \/>\n<meta name=\"twitter:card\" content=\"summary_large_image\" \/>\n<script type=\"application\/ld+json\" class=\"yoast-schema-graph\">{\"@context\":\"https:\\\/\\\/schema.org\",\"@graph\":[{\"@type\":\"WebPage\",\"@id\":\"https:\\\/\\\/hospitalcarmenv.gov.co\\\/site\\\/educacion\\\/\",\"url\":\"https:\\\/\\\/hospitalcarmenv.gov.co\\\/site\\\/educacion\\\/\",\"name\":\"Educaci\u00f3n - Hospital San Juan de Dios\",\"isPartOf\":{\"@id\":\"https:\\\/\\\/hospitalcarmenv.gov.co\\\/site\\\/#website\"},\"datePublished\":\"2022-10-27T20:47:50+00:00\",\"dateModified\":\"2025-11-07T21:12:57+00:00\",\"breadcrumb\":{\"@id\":\"https:\\\/\\\/hospitalcarmenv.gov.co\\\/site\\\/educacion\\\/#breadcrumb\"},\"inLanguage\":\"es\",\"potentialAction\":[{\"@type\":\"ReadAction\",\"target\":[\"https:\\\/\\\/hospitalcarmenv.gov.co\\\/site\\\/educacion\\\/\"]}]},{\"@type\":\"BreadcrumbList\",\"@id\":\"https:\\\/\\\/hospitalcarmenv.gov.co\\\/site\\\/educacion\\\/#breadcrumb\",\"itemListElement\":[{\"@type\":\"ListItem\",\"position\":1,\"name\":\"Inicio\",\"item\":\"https:\\\/\\\/hospitalcarmenv.gov.co\\\/site\\\/\"},{\"@type\":\"ListItem\",\"position\":2,\"name\":\"Educaci\u00f3n\"}]},{\"@type\":\"WebSite\",\"@id\":\"https:\\\/\\\/hospitalcarmenv.gov.co\\\/site\\\/#website\",\"url\":\"https:\\\/\\\/hospitalcarmenv.gov.co\\\/site\\\/\",\"name\":\"Hospital San Juan de Dios\",\"description\":\"El Carmen de Viboral\",\"publisher\":{\"@id\":\"https:\\\/\\\/hospitalcarmenv.gov.co\\\/site\\\/#organization\"},\"potentialAction\":[{\"@type\":\"SearchAction\",\"target\":{\"@type\":\"EntryPoint\",\"urlTemplate\":\"https:\\\/\\\/hospitalcarmenv.gov.co\\\/site\\\/?s={search_term_string}\"},\"query-input\":{\"@type\":\"PropertyValueSpecification\",\"valueRequired\":true,\"valueName\":\"search_term_string\"}}],\"inLanguage\":\"es\"},{\"@type\":\"Organization\",\"@id\":\"https:\\\/\\\/hospitalcarmenv.gov.co\\\/site\\\/#organization\",\"name\":\"Hospital San Juan de Dios\",\"url\":\"https:\\\/\\\/hospitalcarmenv.gov.co\\\/site\\\/\",\"logo\":{\"@type\":\"ImageObject\",\"inLanguage\":\"es\",\"@id\":\"https:\\\/\\\/hospitalcarmenv.gov.co\\\/site\\\/#\\\/schema\\\/logo\\\/image\\\/\",\"url\":\"https:\\\/\\\/hospitalcarmenv.gov.co\\\/site\\\/wp-content\\\/uploads\\\/2022\\\/10\\\/logo-hospital.png\",\"contentUrl\":\"https:\\\/\\\/hospitalcarmenv.gov.co\\\/site\\\/wp-content\\\/uploads\\\/2022\\\/10\\\/logo-hospital.png\",\"width\":610,\"height\":190,\"caption\":\"Hospital San Juan de Dios\"},\"image\":{\"@id\":\"https:\\\/\\\/hospitalcarmenv.gov.co\\\/site\\\/#\\\/schema\\\/logo\\\/image\\\/\"},\"sameAs\":[\"https:\\\/\\\/www.facebook.com\\\/p\\\/Hospital-El-Carmen-de-Viboral-100057399410194\\\/?locale=es_LA\",\"https:\\\/\\\/www.instagram.com\\\/hospitalelcarmendev\\\/\"]}]}<\/script>\n<!-- \/ Yoast SEO plugin. -->","yoast_head_json":{"title":"Educaci\u00f3n - Hospital San Juan de Dios","robots":{"index":"index","follow":"follow","max-snippet":"max-snippet:-1","max-image-preview":"max-image-preview:large","max-video-preview":"max-video-preview:-1"},"canonical":"https:\/\/hospitalcarmenv.gov.co\/site\/educacion\/","og_locale":"es_ES","og_type":"article","og_title":"Educaci\u00f3n - Hospital San Juan de Dios","og_description":"Educaci\u00f3nCursos de Vida y Cuidados En esta secci\u00f3n encontrar\u00e1s informaci\u00f3n educativa orientada a la Promoci\u00f3n y Mantenimiento de la Salud, con recomendaciones y contenidos espec\u00edficos para cada etapa del ciclo vital y para el cuidado seguro en el hogar. Nuestro prop\u00f3sito es brindar herramientas para fortalecer h\u00e1bitos saludables, prevenir riesgos y acompa\u00f1ar el autocuidado de [&hellip;]","og_url":"https:\/\/hospitalcarmenv.gov.co\/site\/educacion\/","og_site_name":"Hospital San Juan de Dios","article_publisher":"https:\/\/www.facebook.com\/p\/Hospital-El-Carmen-de-Viboral-100057399410194\/?locale=es_LA","article_modified_time":"2025-11-07T21:12:57+00:00","twitter_card":"summary_large_image","schema":{"@context":"https:\/\/schema.org","@graph":[{"@type":"WebPage","@id":"https:\/\/hospitalcarmenv.gov.co\/site\/educacion\/","url":"https:\/\/hospitalcarmenv.gov.co\/site\/educacion\/","name":"Educaci\u00f3n - Hospital San Juan de Dios","isPartOf":{"@id":"https:\/\/hospitalcarmenv.gov.co\/site\/#website"},"datePublished":"2022-10-27T20:47:50+00:00","dateModified":"2025-11-07T21:12:57+00:00","breadcrumb":{"@id":"https:\/\/hospitalcarmenv.gov.co\/site\/educacion\/#breadcrumb"},"inLanguage":"es","potentialAction":[{"@type":"ReadAction","target":["https:\/\/hospitalcarmenv.gov.co\/site\/educacion\/"]}]},{"@type":"BreadcrumbList","@id":"https:\/\/hospitalcarmenv.gov.co\/site\/educacion\/#breadcrumb","itemListElement":[{"@type":"ListItem","position":1,"name":"Inicio","item":"https:\/\/hospitalcarmenv.gov.co\/site\/"},{"@type":"ListItem","position":2,"name":"Educaci\u00f3n"}]},{"@type":"WebSite","@id":"https:\/\/hospitalcarmenv.gov.co\/site\/#website","url":"https:\/\/hospitalcarmenv.gov.co\/site\/","name":"Hospital San Juan de Dios","description":"El Carmen de Viboral","publisher":{"@id":"https:\/\/hospitalcarmenv.gov.co\/site\/#organization"},"potentialAction":[{"@type":"SearchAction","target":{"@type":"EntryPoint","urlTemplate":"https:\/\/hospitalcarmenv.gov.co\/site\/?s={search_term_string}"},"query-input":{"@type":"PropertyValueSpecification","valueRequired":true,"valueName":"search_term_string"}}],"inLanguage":"es"},{"@type":"Organization","@id":"https:\/\/hospitalcarmenv.gov.co\/site\/#organization","name":"Hospital San Juan de Dios","url":"https:\/\/hospitalcarmenv.gov.co\/site\/","logo":{"@type":"ImageObject","inLanguage":"es","@id":"https:\/\/hospitalcarmenv.gov.co\/site\/#\/schema\/logo\/image\/","url":"https:\/\/hospitalcarmenv.gov.co\/site\/wp-content\/uploads\/2022\/10\/logo-hospital.png","contentUrl":"https:\/\/hospitalcarmenv.gov.co\/site\/wp-content\/uploads\/2022\/10\/logo-hospital.png","width":610,"height":190,"caption":"Hospital San Juan de Dios"},"image":{"@id":"https:\/\/hospitalcarmenv.gov.co\/site\/#\/schema\/logo\/image\/"},"sameAs":["https:\/\/www.facebook.com\/p\/Hospital-El-Carmen-de-Viboral-100057399410194\/?locale=es_LA","https:\/\/www.instagram.com\/hospitalelcarmendev\/"]}]}},"_links":{"self":[{"href":"https:\/\/hospitalcarmenv.gov.co\/site\/wp-json\/wp\/v2\/pages\/336","targetHints":{"allow":["GET"]}}],"collection":[{"href":"https:\/\/hospitalcarmenv.gov.co\/site\/wp-json\/wp\/v2\/pages"}],"about":[{"href":"https:\/\/hospitalcarmenv.gov.co\/site\/wp-json\/wp\/v2\/types\/page"}],"author":[{"embeddable":true,"href":"https:\/\/hospitalcarmenv.gov.co\/site\/wp-json\/wp\/v2\/users\/1"}],"replies":[{"embeddable":true,"href":"https:\/\/hospitalcarmenv.gov.co\/site\/wp-json\/wp\/v2\/comments?post=336"}],"version-history":[{"count":11,"href":"https:\/\/hospitalcarmenv.gov.co\/site\/wp-json\/wp\/v2\/pages\/336\/revisions"}],"predecessor-version":[{"id":16570,"href":"https:\/\/hospitalcarmenv.gov.co\/site\/wp-json\/wp\/v2\/pages\/336\/revisions\/16570"}],"wp:attachment":[{"href":"https:\/\/hospitalcarmenv.gov.co\/site\/wp-json\/wp\/v2\/media?parent=336"}],"curies":[{"name":"wp","href":"https:\/\/api.w.org\/{rel}","templated":true}]}}