{"id":319,"date":"2022-10-27T15:12:40","date_gmt":"2022-10-27T20:12:40","guid":{"rendered":"https:\/\/hospitalcarmenv.gov.co\/site\/?page_id=319"},"modified":"2025-09-22T13:45:04","modified_gmt":"2025-09-22T18:45:04","slug":"mision-vision-y-valores-corporativos","status":"publish","type":"page","link":"https:\/\/hospitalcarmenv.gov.co\/site\/mision-vision-y-valores-corporativos\/","title":{"rendered":"Misi\u00f3n, visi\u00f3n y valores corporativos"},"content":{"rendered":"<p>[et_pb_section fb_built=\u00bb1&#8243; _builder_version=\u00bb4.18.0&#8243; _module_preset=\u00bbdefault\u00bb background_image=\u00bbhttps:\/\/hospitalcarmenv.gov.co\/site\/wp-content\/uploads\/2025\/01\/WhatsApp-Image-2025-01-07-at-14.51.56.jpeg\u00bb background_size=\u00bbinitial\u00bb background_repeat=\u00bbspace\u00bb custom_padding=\u00bb188px||188px||true|\u00bb global_colors_info=\u00bb{}\u00bb][\/et_pb_section][et_pb_section fb_built=\u00bb1&#8243; _builder_version=\u00bb4.18.0&#8243; _module_preset=\u00bbdefault\u00bb min_height=\u00bb2307.8px\u00bb custom_margin=\u00bb-3px|||||\u00bb custom_padding=\u00bb6%||6%||false|false\u00bb global_colors_info=\u00bb{}\u00bb][et_pb_row column_structure=\u00bb3_5,2_5&#8243; _builder_version=\u00bb4.18.0&#8243; _module_preset=\u00bbdefault\u00bb custom_padding=\u00bb0px||0px||false|false\u00bb global_colors_info=\u00bb{}\u00bb][et_pb_column type=\u00bb3_5&#8243; _builder_version=\u00bb4.18.0&#8243; _module_preset=\u00bbdefault\u00bb custom_padding=\u00bb||||false|false\u00bb border_radii=\u00bbon|10px|10px|10px|10px\u00bb global_colors_info=\u00bb{}\u00bb][et_pb_text _builder_version=\u00bb4.18.0&#8243; _module_preset=\u00bbdefault\u00bb text_font=\u00bb|700|||||||\u00bb text_letter_spacing=\u00bb3px\u00bb text_line_height=\u00bb2.4em\u00bb header_font=\u00bb|700|||||||\u00bb header_text_color=\u00bb#FFFFFF\u00bb header_font_size=\u00bb40px\u00bb transform_translate=\u00bb39px|11px\u00bb text_orientation=\u00bbcenter\u00bb global_colors_info=\u00bb{}\u00bb]<\/p>\n<h1><span style=\"color: #000000; margin-top: 20px;\">Plataforma Estrat\u00e9gica<\/span><\/h1>\n<p>[\/et_pb_text][et_pb_image src=\u00bbhttps:\/\/hospitalcarmenv.gov.co\/site\/wp-content\/uploads\/2022\/11\/mision-img.jpg\u00bb alt=\u00bbAtenci\u00f3n en salud en el Hospital San Juan de Dios.\u00bb title_text=\u00bbmision-img\u00bb force_fullwidth=\u00bbon\u00bb _builder_version=\u00bb4.18.0&#8243; _module_preset=\u00bbdefault\u00bb max_height=\u00bb1000px\u00bb global_colors_info=\u00bb{}\u00bb][\/et_pb_image][\/et_pb_column][et_pb_column type=\u00bb2_5&#8243; _builder_version=\u00bb4.18.0&#8243; _module_preset=\u00bbdefault\u00bb background_color=\u00bb#00457A\u00bb custom_padding=\u00bb12%|5%|11.3%|5%|false|true\u00bb animation_style=\u00bbfade\u00bb hover_transition_speed_curve=\u00bbease-out\u00bb border_radii=\u00bbon|10px|10px|10px|10px\u00bb global_colors_info=\u00bb{}\u00bb][et_pb_text _builder_version=\u00bb4.18.0&#8243; _module_preset=\u00bbdefault\u00bb text_text_color=\u00bb#FFFFFF\u00bb header_2_font=\u00bb|700|||||||\u00bb header_2_text_color=\u00bb#FFFFFF\u00bb global_colors_info=\u00bb{}\u00bb]<\/p>\n<h2>Misi\u00f3n<\/h2>\n<p>[\/et_pb_text][et_pb_text _builder_version=\u00bb4.18.0&#8243; _module_preset=\u00bbdefault\u00bb text_text_color=\u00bb#FFFFFF\u00bb global_colors_info=\u00bb{}\u00bb]<\/p>\n<p style=\"text-align: left;\">Brindar servicios de salud integrales y de calidad a la comunidad de El Carmen de Viboral, con un enfoque en la <strong>prevenci\u00f3n<\/strong> y <strong>atenci\u00f3n primaria en salud<\/strong>, fomentando el desarrollo de la <strong>investigaci\u00f3n<\/strong> en el primer nivel de atenci\u00f3n. Contamos con un equipo profesional <strong>comprometido y humanizado<\/strong>, que trabaja en un entorno seguro y accesible para todos.<\/p>\n<p>[\/et_pb_text][\/et_pb_column][\/et_pb_row][et_pb_row column_structure=\u00bb2_5,3_5&#8243; _builder_version=\u00bb4.18.0&#8243; _module_preset=\u00bbdefault\u00bb custom_margin=\u00bb2%||||false|false\u00bb custom_margin_tablet=\u00bb10%||||false|false\u00bb custom_margin_phone=\u00bb10%||||false|false\u00bb custom_margin_last_edited=\u00bbon|tablet\u00bb custom_padding=\u00bb0px||0px||false|false\u00bb custom_css_main_element=\u00bbdisplay: flex;||flex-wrap: wrap;\u00bb global_colors_info=\u00bb{}\u00bb][et_pb_column type=\u00bb2_5&#8243; _builder_version=\u00bb4.18.0&#8243; _module_preset=\u00bbdefault\u00bb background_color=\u00bb#13243f\u00bb custom_padding=\u00bb5%|5%|5%|5%|true|true\u00bb border_radii=\u00bbon|10px|10px|10px|10px\u00bb global_colors_info=\u00bb{}\u00bb custom_css_main_element_last_edited=\u00bbon|tablet\u00bb custom_css_main_element_tablet=\u00bborder: 2;\u00bb custom_css_main_element_phone=\u00bborder: 2;\u00bb][et_pb_text _builder_version=\u00bb4.18.0&#8243; _module_preset=\u00bbdefault\u00bb text_text_color=\u00bb#FFFFFF\u00bb header_2_font=\u00bb|700|||||||\u00bb header_2_text_color=\u00bb#FFFFFF\u00bb global_colors_info=\u00bb{}\u00bb]<\/p>\n<h2>Visi\u00f3n<\/h2>\n<p>[\/et_pb_text][et_pb_text _builder_version=\u00bb4.18.0&#8243; _module_preset=\u00bbdefault\u00bb text_text_color=\u00bb#FFFFFF\u00bb global_colors_info=\u00bb{}\u00bb]<\/p>\n<p style=\"text-align: left;\">Para <strong>2030<\/strong>, seremos un referente en <strong>atenci\u00f3n primaria y prevenci\u00f3n<\/strong> <strong>en salud<\/strong> en el municipio de El Carmen de Viboral, consolidando una red de servicios integrales, eficientes y de calidad que promueva el bienestar de la comunidad, fortaleciendo la <strong>sostenibilidad<\/strong> del hospital mediante la <strong>innovaci\u00f3n<\/strong>, el desarrollo de la <strong>investigaci\u00f3n<\/strong> y el compromiso de nuestro equipo profesional <strong>humanizado<\/strong>.<\/p>\n<p>[\/et_pb_text][\/et_pb_column][et_pb_column type=\u00bb3_5&#8243; _builder_version=\u00bb4.18.0&#8243; _module_preset=\u00bbdefault\u00bb border_radii=\u00bbon|10px|10px|10px|10px\u00bb global_colors_info=\u00bb{}\u00bb][et_pb_image src=\u00bbhttps:\/\/hospitalcarmenv.gov.co\/site\/wp-content\/uploads\/2022\/11\/vision-img.jpg\u00bb alt=\u00bbProfesional de la salud atendiendo a una joven.\u00bb title_text=\u00bbvision-img\u00bb _builder_version=\u00bb4.18.0&#8243; _module_preset=\u00bbdefault\u00bb custom_margin_tablet=\u00bb||5%||false|false\u00bb custom_margin_phone=\u00bb||5%||false|false\u00bb custom_margin_last_edited=\u00bbon|tablet\u00bb global_colors_info=\u00bb{}\u00bb][\/et_pb_image][\/et_pb_column][\/et_pb_row][et_pb_row column_structure=\u00bb3_5,2_5&#8243; module_id=\u00bbvalores\u00bb _builder_version=\u00bb4.18.0&#8243; _module_preset=\u00bbdefault\u00bb custom_margin=\u00bb2%||||false|false\u00bb custom_margin_tablet=\u00bb5%||||false|false\u00bb custom_margin_phone=\u00bb5%||||false|false\u00bb custom_margin_last_edited=\u00bbon|tablet\u00bb custom_padding=\u00bb0px||0px||false|false\u00bb global_colors_info=\u00bb{}\u00bb][et_pb_column type=\u00bb3_5&#8243; _builder_version=\u00bb4.18.0&#8243; _module_preset=\u00bbdefault\u00bb border_radii=\u00bbon|10px|10px|10px|10px\u00bb global_colors_info=\u00bb{}\u00bb][et_pb_image src=\u00bbhttps:\/\/hospitalcarmenv.gov.co\/site\/wp-content\/uploads\/2022\/11\/valores-img.jpg\u00bb alt=\u00bbAtenci\u00f3n extramural en salud.\u00bb title_text=\u00bbvalores-img\u00bb _builder_version=\u00bb4.18.0&#8243; _module_preset=\u00bbdefault\u00bb global_colors_info=\u00bb{}\u00bb][\/et_pb_image][\/et_pb_column][et_pb_column type=\u00bb2_5&#8243; _builder_version=\u00bb4.18.0&#8243; _module_preset=\u00bbdefault\u00bb background_color=\u00bb#00457A\u00bb custom_padding=\u00bb5%|5%|5%|5%|true|true\u00bb border_radii=\u00bbon|10px|10px|10px|10px\u00bb global_colors_info=\u00bb{}\u00bb][et_pb_text _builder_version=\u00bb4.18.0&#8243; _module_preset=\u00bbdefault\u00bb text_text_color=\u00bb#FFFFFF\u00bb header_2_font=\u00bb|700|||||||\u00bb header_2_text_color=\u00bb#FFFFFF\u00bb global_colors_info=\u00bb{}\u00bb]<\/p>\n<h2>Valores corporativos<\/h2>\n<p>[\/et_pb_text][et_pb_text _builder_version=\u00bb4.18.0&#8243; _module_preset=\u00bbdefault\u00bb text_font=\u00bb||on||||||\u00bb text_text_color=\u00bb#FFFFFF\u00bb text_font_size=\u00bb17px\u00bb global_colors_info=\u00bb{}\u00bb]<\/p>\n<ul>\n<li>Respeto<\/li>\n<li>Honestidad<\/li>\n<li>Compromiso<\/li>\n<li>Diligencia<\/li>\n<li>Justicia<\/li>\n<li>Trato Humanizado<\/li>\n<\/ul>\n<p>[\/et_pb_text][\/et_pb_column][\/et_pb_row][et_pb_row column_structure=\u00bb2_5,3_5&#8243; _builder_version=\u00bb4.18.0&#8243; _module_preset=\u00bbdefault\u00bb custom_margin=\u00bb2%||||false|false\u00bb custom_margin_tablet=\u00bb10%||||false|false\u00bb custom_margin_phone=\u00bb10%||||false|false\u00bb custom_margin_last_edited=\u00bbon|tablet\u00bb custom_padding=\u00bb0px||0px||false|false\u00bb custom_css_main_element=\u00bbdisplay: flex;||flex-wrap: wrap;\u00bb global_colors_info=\u00bb{}\u00bb][et_pb_column type=\u00bb2_5&#8243; _builder_version=\u00bb4.18.0&#8243; _module_preset=\u00bbdefault\u00bb background_color=\u00bb#13243f\u00bb custom_padding=\u00bb5%|5%|5%|5%|true|true\u00bb border_radii=\u00bbon|10px|10px|10px|10px\u00bb global_colors_info=\u00bb{}\u00bb custom_css_main_element_last_edited=\u00bbon|tablet\u00bb custom_css_main_element_tablet=\u00bborder: 2;\u00bb custom_css_main_element_phone=\u00bborder: 2;\u00bb][et_pb_text _builder_version=\u00bb4.18.0&#8243; _module_preset=\u00bbdefault\u00bb text_text_color=\u00bb#FFFFFF\u00bb header_2_font=\u00bb|700|||||||\u00bb header_2_text_color=\u00bb#FFFFFF\u00bb global_colors_info=\u00bb{}\u00bb]<\/p>\n<h2>Principios<\/h2>\n<p>[\/et_pb_text][et_pb_text _builder_version=\u00bb4.18.0&#8243; _module_preset=\u00bbdefault\u00bb text_text_color=\u00bb#FFFFFF\u00bb global_colors_info=\u00bb{}\u00bb]<\/p>\n<ul>\n<li>Transparencia<\/li>\n<li>Innovaci\u00f3n<\/li>\n<li>Calidez<\/li>\n<li>Calidad<\/li>\n<li>Eficiencia<\/li>\n<\/ul>\n<p>[\/et_pb_text][\/et_pb_column][et_pb_column type=\u00bb3_5&#8243; _builder_version=\u00bb4.18.0&#8243; _module_preset=\u00bbdefault\u00bb border_radii=\u00bbon|10px|10px|10px|10px\u00bb global_colors_info=\u00bb{}\u00bb][et_pb_image src=\u00bbhttps:\/\/hospitalcarmenv.gov.co\/site\/wp-content\/uploads\/2025\/01\/WhatsApp-Image-2025-01-07-at-14.24.27.jpeg\u00bb alt=\u00bbFuncionarios de la E.S.E Hospital San Juan de Dios.\u00bb title_text=\u00bbWhatsApp Image 2025-01-07 at 14.24.27&#8243; _builder_version=\u00bb4.18.0&#8243; _module_preset=\u00bbdefault\u00bb custom_margin_tablet=\u00bb||5%||false|false\u00bb custom_margin_phone=\u00bb||5%||false|false\u00bb custom_margin_last_edited=\u00bbon|tablet\u00bb global_colors_info=\u00bb{}\u00bb][\/et_pb_image][\/et_pb_column][\/et_pb_row][et_pb_row _builder_version=\u00bb4.18.0&#8243; _module_preset=\u00bbdefault\u00bb min_height=\u00bb99px\u00bb global_colors_info=\u00bb{}\u00bb][et_pb_column type=\u00bb4_4&#8243; _builder_version=\u00bb4.18.0&#8243; _module_preset=\u00bbdefault\u00bb global_colors_info=\u00bb{}\u00bb][et_pb_text _builder_version=\u00bb4.18.0&#8243; _module_preset=\u00bbdefault\u00bb custom_margin=\u00bb-2px|||||\u00bb global_colors_info=\u00bb{}\u00bb]<\/p>\n<h3 style=\"text-align: center;\"><strong><em>Promesa de Valor<\/em><\/strong><\/h3>\n<p>[\/et_pb_text][\/et_pb_column][\/et_pb_row][et_pb_row _builder_version=\u00bb4.18.0&#8243; _module_preset=\u00bbdefault\u00bb global_colors_info=\u00bb{}\u00bb][et_pb_column type=\u00bb4_4&#8243; _builder_version=\u00bb4.18.0&#8243; _module_preset=\u00bbdefault\u00bb background_color=\u00bb#13243f\u00bb custom_padding=\u00bb15px|10px|15px|10px|false|false\u00bb border_radii=\u00bbon|10px|10px|10px|10px\u00bb global_colors_info=\u00bb{}\u00bb][et_pb_text _builder_version=\u00bb4.18.0&#8243; _module_preset=\u00bbdefault\u00bb text_font_size=\u00bb20px\u00bb global_colors_info=\u00bb{}\u00bb]<\/p>\n<p style=\"text-align: left;\"><span style=\"color: #ffffff;\"><em>Ofrecemos a la comunidad de El Carmen de Viboral servicios de salud de alta calidad, centrados en la prevenci\u00f3n y atenci\u00f3n primaria, integrando la investigaci\u00f3n en el primer nivel de atenci\u00f3n para mejorar continuamente nuestros procesos y resultados. Nuestro equipo profesional, comprometido y humanizado, garantiza una atenci\u00f3n segura, accesible y basada en las necesidades reales de nuestros usuarios, promoviendo el bienestar y la salud integral de la poblaci\u00f3n.<\/em><\/span><\/p>\n<p>[\/et_pb_text][\/et_pb_column][\/et_pb_row][et_pb_row _builder_version=\u00bb4.18.0&#8243; _module_preset=\u00bbdefault\u00bb][et_pb_column _builder_version=\u00bb4.18.0&#8243; _module_preset=\u00bbdefault\u00bb type=\u00bb4_4&#8243;][et_pb_image src=\u00bbhttps:\/\/hospitalcarmenv.gov.co\/site\/wp-content\/uploads\/2025\/09\/DEBERES-Y-DERECHOS-USUARIOS.png\u00bb _builder_version=\u00bb4.18.0&#8243; _module_preset=\u00bbdefault\u00bb alt=\u00bbDeberes y derechos del Hospital San Juan de Dios\u00bb title_text=\u00bbDEBERES Y DERECHOS USUARIOS\u00bb hover_enabled=\u00bb0&#8243; sticky_enabled=\u00bb0&#8243;][\/et_pb_image][\/et_pb_column][\/et_pb_row][et_pb_row _builder_version=\u00bb4.18.0&#8243; _module_preset=\u00bbdefault\u00bb custom_margin=\u00bb2%||||false|false\u00bb global_colors_info=\u00bb{}\u00bb][et_pb_column type=\u00bb4_4&#8243; _builder_version=\u00bb4.18.0&#8243; _module_preset=\u00bbdefault\u00bb global_colors_info=\u00bb{}\u00bb][et_pb_button button_url=\u00bbhttps:\/\/hospitalcarmenv.gov.co\/site\/wp-content\/uploads\/2023\/11\/3.1.5-MANUAL-DE-FUNCIONES-ACUERDO-004-DEL-22-DE-ABRIL-DE-2019.pdf\u00bb url_new_window=\u00bbon\u00bb button_text=\u00bbManual de Funciones\u00bb button_alignment=\u00bbcenter\u00bb button_alignment_tablet=\u00bbcenter\u00bb button_alignment_phone=\u00bbcenter\u00bb button_alignment_last_edited=\u00bbon|phone\u00bb _builder_version=\u00bb4.18.0&#8243; _module_preset=\u00bbdefault\u00bb custom_button=\u00bbon\u00bb button_text_size=\u00bb15px\u00bb button_text_color=\u00bb#FFFFFF\u00bb button_bg_color=\u00bb#00457A\u00bb button_border_width=\u00bb0px\u00bb button_border_radius=\u00bb50px\u00bb button_use_icon=\u00bboff\u00bb custom_margin=\u00bb2%||||false|false\u00bb custom_padding=\u00bb1%|5%|1%|5%|true|true\u00bb custom_padding_tablet=\u00bb1%|5%|1%|5%|true|true\u00bb custom_padding_phone=\u00bb2%|10%|2%|10%|true|true\u00bb custom_padding_last_edited=\u00bbon|phone\u00bb locked=\u00bboff\u00bb global_colors_info=\u00bb{}\u00bb][\/et_pb_button][\/et_pb_column][\/et_pb_row][\/et_pb_section]<\/p>\n","protected":false},"excerpt":{"rendered":"<p>Plataforma Estrat\u00e9gicaMisi\u00f3nBrindar servicios de salud integrales y de calidad a la comunidad de El Carmen de Viboral, con un enfoque en la prevenci\u00f3n y atenci\u00f3n primaria en salud, fomentando el desarrollo de la investigaci\u00f3n en el primer nivel de atenci\u00f3n. Contamos con un equipo profesional comprometido y humanizado, que trabaja en un entorno seguro y [&hellip;]<\/p>\n","protected":false},"author":1,"featured_media":0,"parent":0,"menu_order":0,"comment_status":"closed","ping_status":"closed","template":"","meta":{"_et_pb_use_builder":"on","_et_pb_old_content":"","_et_gb_content_width":"","_joinchat":[],"footnotes":""},"class_list":["post-319","page","type-page","status-publish","hentry"],"yoast_head":"<!-- This site is optimized with the Yoast SEO plugin v27.4 - https:\/\/yoast.com\/product\/yoast-seo-wordpress\/ -->\n<title>Misi\u00f3n, visi\u00f3n y valores corporativos - Hospital San Juan de Dios<\/title>\n<meta name=\"robots\" content=\"index, follow, max-snippet:-1, max-image-preview:large, max-video-preview:-1\" \/>\n<link rel=\"canonical\" href=\"https:\/\/hospitalcarmenv.gov.co\/site\/mision-vision-y-valores-corporativos\/\" \/>\n<meta property=\"og:locale\" content=\"es_ES\" \/>\n<meta property=\"og:type\" content=\"article\" \/>\n<meta property=\"og:title\" content=\"Misi\u00f3n, visi\u00f3n y valores corporativos - Hospital San Juan de Dios\" \/>\n<meta property=\"og:description\" content=\"Plataforma Estrat\u00e9gicaMisi\u00f3nBrindar servicios de salud integrales y de calidad a la comunidad de El Carmen de Viboral, con un enfoque en la prevenci\u00f3n y atenci\u00f3n primaria en salud, fomentando el desarrollo de la investigaci\u00f3n en el primer nivel de atenci\u00f3n. Contamos con un equipo profesional comprometido y humanizado, que trabaja en un entorno seguro y [&hellip;]\" \/>\n<meta property=\"og:url\" content=\"https:\/\/hospitalcarmenv.gov.co\/site\/mision-vision-y-valores-corporativos\/\" \/>\n<meta property=\"og:site_name\" content=\"Hospital San Juan de Dios\" \/>\n<meta property=\"article:publisher\" content=\"https:\/\/www.facebook.com\/p\/Hospital-El-Carmen-de-Viboral-100057399410194\/?locale=es_LA\" \/>\n<meta property=\"article:modified_time\" content=\"2025-09-22T18:45:04+00:00\" \/>\n<meta name=\"twitter:card\" content=\"summary_large_image\" \/>\n<script type=\"application\/ld+json\" class=\"yoast-schema-graph\">{\"@context\":\"https:\\\/\\\/schema.org\",\"@graph\":[{\"@type\":\"WebPage\",\"@id\":\"https:\\\/\\\/hospitalcarmenv.gov.co\\\/site\\\/mision-vision-y-valores-corporativos\\\/\",\"url\":\"https:\\\/\\\/hospitalcarmenv.gov.co\\\/site\\\/mision-vision-y-valores-corporativos\\\/\",\"name\":\"Misi\u00f3n, visi\u00f3n y valores corporativos - Hospital San Juan de Dios\",\"isPartOf\":{\"@id\":\"https:\\\/\\\/hospitalcarmenv.gov.co\\\/site\\\/#website\"},\"datePublished\":\"2022-10-27T20:12:40+00:00\",\"dateModified\":\"2025-09-22T18:45:04+00:00\",\"breadcrumb\":{\"@id\":\"https:\\\/\\\/hospitalcarmenv.gov.co\\\/site\\\/mision-vision-y-valores-corporativos\\\/#breadcrumb\"},\"inLanguage\":\"es\",\"potentialAction\":[{\"@type\":\"ReadAction\",\"target\":[\"https:\\\/\\\/hospitalcarmenv.gov.co\\\/site\\\/mision-vision-y-valores-corporativos\\\/\"]}]},{\"@type\":\"BreadcrumbList\",\"@id\":\"https:\\\/\\\/hospitalcarmenv.gov.co\\\/site\\\/mision-vision-y-valores-corporativos\\\/#breadcrumb\",\"itemListElement\":[{\"@type\":\"ListItem\",\"position\":1,\"name\":\"Inicio\",\"item\":\"https:\\\/\\\/hospitalcarmenv.gov.co\\\/site\\\/\"},{\"@type\":\"ListItem\",\"position\":2,\"name\":\"Misi\u00f3n, visi\u00f3n y valores corporativos\"}]},{\"@type\":\"WebSite\",\"@id\":\"https:\\\/\\\/hospitalcarmenv.gov.co\\\/site\\\/#website\",\"url\":\"https:\\\/\\\/hospitalcarmenv.gov.co\\\/site\\\/\",\"name\":\"Hospital San Juan de Dios\",\"description\":\"El Carmen de Viboral\",\"publisher\":{\"@id\":\"https:\\\/\\\/hospitalcarmenv.gov.co\\\/site\\\/#organization\"},\"potentialAction\":[{\"@type\":\"SearchAction\",\"target\":{\"@type\":\"EntryPoint\",\"urlTemplate\":\"https:\\\/\\\/hospitalcarmenv.gov.co\\\/site\\\/?s={search_term_string}\"},\"query-input\":{\"@type\":\"PropertyValueSpecification\",\"valueRequired\":true,\"valueName\":\"search_term_string\"}}],\"inLanguage\":\"es\"},{\"@type\":\"Organization\",\"@id\":\"https:\\\/\\\/hospitalcarmenv.gov.co\\\/site\\\/#organization\",\"name\":\"Hospital San Juan de Dios\",\"url\":\"https:\\\/\\\/hospitalcarmenv.gov.co\\\/site\\\/\",\"logo\":{\"@type\":\"ImageObject\",\"inLanguage\":\"es\",\"@id\":\"https:\\\/\\\/hospitalcarmenv.gov.co\\\/site\\\/#\\\/schema\\\/logo\\\/image\\\/\",\"url\":\"https:\\\/\\\/hospitalcarmenv.gov.co\\\/site\\\/wp-content\\\/uploads\\\/2022\\\/10\\\/logo-hospital.png\",\"contentUrl\":\"https:\\\/\\\/hospitalcarmenv.gov.co\\\/site\\\/wp-content\\\/uploads\\\/2022\\\/10\\\/logo-hospital.png\",\"width\":610,\"height\":190,\"caption\":\"Hospital San Juan de Dios\"},\"image\":{\"@id\":\"https:\\\/\\\/hospitalcarmenv.gov.co\\\/site\\\/#\\\/schema\\\/logo\\\/image\\\/\"},\"sameAs\":[\"https:\\\/\\\/www.facebook.com\\\/p\\\/Hospital-El-Carmen-de-Viboral-100057399410194\\\/?locale=es_LA\",\"https:\\\/\\\/www.instagram.com\\\/hospitalelcarmendev\\\/\"]}]}<\/script>\n<!-- \/ Yoast SEO plugin. -->","yoast_head_json":{"title":"Misi\u00f3n, visi\u00f3n y valores corporativos - Hospital San Juan de Dios","robots":{"index":"index","follow":"follow","max-snippet":"max-snippet:-1","max-image-preview":"max-image-preview:large","max-video-preview":"max-video-preview:-1"},"canonical":"https:\/\/hospitalcarmenv.gov.co\/site\/mision-vision-y-valores-corporativos\/","og_locale":"es_ES","og_type":"article","og_title":"Misi\u00f3n, visi\u00f3n y valores corporativos - Hospital San Juan de Dios","og_description":"Plataforma Estrat\u00e9gicaMisi\u00f3nBrindar servicios de salud integrales y de calidad a la comunidad de El Carmen de Viboral, con un enfoque en la prevenci\u00f3n y atenci\u00f3n primaria en salud, fomentando el desarrollo de la investigaci\u00f3n en el primer nivel de atenci\u00f3n. Contamos con un equipo profesional comprometido y humanizado, que trabaja en un entorno seguro y [&hellip;]","og_url":"https:\/\/hospitalcarmenv.gov.co\/site\/mision-vision-y-valores-corporativos\/","og_site_name":"Hospital San Juan de Dios","article_publisher":"https:\/\/www.facebook.com\/p\/Hospital-El-Carmen-de-Viboral-100057399410194\/?locale=es_LA","article_modified_time":"2025-09-22T18:45:04+00:00","twitter_card":"summary_large_image","schema":{"@context":"https:\/\/schema.org","@graph":[{"@type":"WebPage","@id":"https:\/\/hospitalcarmenv.gov.co\/site\/mision-vision-y-valores-corporativos\/","url":"https:\/\/hospitalcarmenv.gov.co\/site\/mision-vision-y-valores-corporativos\/","name":"Misi\u00f3n, visi\u00f3n y valores corporativos - Hospital San Juan de Dios","isPartOf":{"@id":"https:\/\/hospitalcarmenv.gov.co\/site\/#website"},"datePublished":"2022-10-27T20:12:40+00:00","dateModified":"2025-09-22T18:45:04+00:00","breadcrumb":{"@id":"https:\/\/hospitalcarmenv.gov.co\/site\/mision-vision-y-valores-corporativos\/#breadcrumb"},"inLanguage":"es","potentialAction":[{"@type":"ReadAction","target":["https:\/\/hospitalcarmenv.gov.co\/site\/mision-vision-y-valores-corporativos\/"]}]},{"@type":"BreadcrumbList","@id":"https:\/\/hospitalcarmenv.gov.co\/site\/mision-vision-y-valores-corporativos\/#breadcrumb","itemListElement":[{"@type":"ListItem","position":1,"name":"Inicio","item":"https:\/\/hospitalcarmenv.gov.co\/site\/"},{"@type":"ListItem","position":2,"name":"Misi\u00f3n, visi\u00f3n y valores corporativos"}]},{"@type":"WebSite","@id":"https:\/\/hospitalcarmenv.gov.co\/site\/#website","url":"https:\/\/hospitalcarmenv.gov.co\/site\/","name":"Hospital San Juan de Dios","description":"El Carmen de Viboral","publisher":{"@id":"https:\/\/hospitalcarmenv.gov.co\/site\/#organization"},"potentialAction":[{"@type":"SearchAction","target":{"@type":"EntryPoint","urlTemplate":"https:\/\/hospitalcarmenv.gov.co\/site\/?s={search_term_string}"},"query-input":{"@type":"PropertyValueSpecification","valueRequired":true,"valueName":"search_term_string"}}],"inLanguage":"es"},{"@type":"Organization","@id":"https:\/\/hospitalcarmenv.gov.co\/site\/#organization","name":"Hospital San Juan de Dios","url":"https:\/\/hospitalcarmenv.gov.co\/site\/","logo":{"@type":"ImageObject","inLanguage":"es","@id":"https:\/\/hospitalcarmenv.gov.co\/site\/#\/schema\/logo\/image\/","url":"https:\/\/hospitalcarmenv.gov.co\/site\/wp-content\/uploads\/2022\/10\/logo-hospital.png","contentUrl":"https:\/\/hospitalcarmenv.gov.co\/site\/wp-content\/uploads\/2022\/10\/logo-hospital.png","width":610,"height":190,"caption":"Hospital San Juan de Dios"},"image":{"@id":"https:\/\/hospitalcarmenv.gov.co\/site\/#\/schema\/logo\/image\/"},"sameAs":["https:\/\/www.facebook.com\/p\/Hospital-El-Carmen-de-Viboral-100057399410194\/?locale=es_LA","https:\/\/www.instagram.com\/hospitalelcarmendev\/"]}]}},"_links":{"self":[{"href":"https:\/\/hospitalcarmenv.gov.co\/site\/wp-json\/wp\/v2\/pages\/319","targetHints":{"allow":["GET"]}}],"collection":[{"href":"https:\/\/hospitalcarmenv.gov.co\/site\/wp-json\/wp\/v2\/pages"}],"about":[{"href":"https:\/\/hospitalcarmenv.gov.co\/site\/wp-json\/wp\/v2\/types\/page"}],"author":[{"embeddable":true,"href":"https:\/\/hospitalcarmenv.gov.co\/site\/wp-json\/wp\/v2\/users\/1"}],"replies":[{"embeddable":true,"href":"https:\/\/hospitalcarmenv.gov.co\/site\/wp-json\/wp\/v2\/comments?post=319"}],"version-history":[{"count":23,"href":"https:\/\/hospitalcarmenv.gov.co\/site\/wp-json\/wp\/v2\/pages\/319\/revisions"}],"predecessor-version":[{"id":16538,"href":"https:\/\/hospitalcarmenv.gov.co\/site\/wp-json\/wp\/v2\/pages\/319\/revisions\/16538"}],"wp:attachment":[{"href":"https:\/\/hospitalcarmenv.gov.co\/site\/wp-json\/wp\/v2\/media?parent=319"}],"curies":[{"name":"wp","href":"https:\/\/api.w.org\/{rel}","templated":true}]}}