{"id":14358,"date":"2025-02-26T10:31:44","date_gmt":"2025-02-26T15:31:44","guid":{"rendered":"https:\/\/hospitalcarmenv.gov.co\/site\/?page_id=14358"},"modified":"2026-05-06T08:24:09","modified_gmt":"2026-05-06T13:24:09","slug":"participacion-social-en-salud","status":"publish","type":"page","link":"https:\/\/hospitalcarmenv.gov.co\/site\/participacion-social-en-salud\/","title":{"rendered":"Participaci\u00f3n Social en Salud"},"content":{"rendered":"<p>[et_pb_section fb_built=\u00bb1&#8243; _builder_version=\u00bb4.18.0&#8243; _module_preset=\u00bbdefault\u00bb background_image=\u00bbhttps:\/\/hospitalcarmenv.gov.co\/site\/wp-content\/uploads\/2025\/01\/WhatsApp-Image-2025-01-07-at-14.51.56.jpeg\u00bb custom_margin=\u00bb||-3px|||\u00bb global_colors_info=\u00bb{}\u00bb][\/et_pb_section][et_pb_section fb_built=\u00bb1&#8243; _builder_version=\u00bb4.18.0&#8243; _module_preset=\u00bbdefault\u00bb custom_padding=\u00bb3%||7%||false|false\u00bb global_colors_info=\u00bb{}\u00bb][et_pb_row column_structure=\u00bb3_4,1_4&#8243; use_custom_gutter=\u00bbon\u00bb _builder_version=\u00bb4.18.0&#8243; _module_preset=\u00bbdefault\u00bb width_tablet=\u00bb90%\u00bb width_phone=\u00bb90%\u00bb width_last_edited=\u00bbon|tablet\u00bb custom_padding=\u00bb3%||0px||false|false\u00bb global_colors_info=\u00bb{}\u00bb][et_pb_column type=\u00bb3_4&#8243; _builder_version=\u00bb4.18.0&#8243; _module_preset=\u00bbdefault\u00bb custom_padding=\u00bb0px||||false|false\u00bb global_colors_info=\u00bb{}\u00bb custom_css_main_element_last_edited=\u00bbon|tablet\u00bb custom_css_main_element_tablet=\u00bbwidth: 50%;\u00bb custom_css_main_element_phone=\u00bbwidth: 50%;\u00bb][et_pb_text _builder_version=\u00bb4.18.0&#8243; _module_preset=\u00bbdefault\u00bb text_font=\u00bb|700|||||||\u00bb header_font=\u00bb|700|||||||\u00bb header_text_color=\u00bb#FFFFFF\u00bb header_font_size=\u00bb40px\u00bb text_orientation=\u00bbcenter\u00bb global_colors_info=\u00bb{}\u00bb]<\/p>\n<h1><span style=\"color: #000000;\">PARTICIPACI\u00d3N SOCIAL EN SALUD<\/span><\/h1>\n<p>[\/et_pb_text][et_pb_text _builder_version=\u00bb4.18.0&#8243; _module_preset=\u00bbdefault\u00bb header_2_font=\u00bb|700|||||||\u00bb header_2_text_align=\u00bbleft\u00bb header_2_font_size=\u00bb35px\u00bb header_2_line_height=\u00bb1.3em\u00bb header_text_align_tablet=\u00bb\u00bb header_text_align_phone=\u00bbcenter\u00bb header_text_align_last_edited=\u00bbon|phone\u00bb header_2_text_align_tablet=\u00bbleft\u00bb header_2_text_align_phone=\u00bbcenter\u00bb header_2_text_align_last_edited=\u00bbon|phone\u00bb text_orientation_tablet=\u00bb\u00bb text_orientation_phone=\u00bbcenter\u00bb text_orientation_last_edited=\u00bbon|phone\u00bb locked=\u00bboff\u00bb global_colors_info=\u00bb{}\u00bb]<\/p>\n<h2>Pol\u00edtica de Participaci\u00f3n Social en Salud<\/h2>\n<p>[\/et_pb_text][et_pb_text _builder_version=\u00bb4.18.0&#8243; _module_preset=\u00bbdefault\u00bb text_font_size=\u00bb16px\u00bb custom_margin=\u00bb||||false|false\u00bb text_orientation_tablet=\u00bb\u00bb text_orientation_phone=\u00bbcenter\u00bb text_orientation_last_edited=\u00bbon|phone\u00bb locked=\u00bboff\u00bb global_colors_info=\u00bb{}\u00bb]<\/p>\n<p style=\"text-align: left;\">El Hospital San Juan de Dios del Carmen, en cumplimiento de su misi\u00f3n institucional y en concordancia con los principios de transparencia, eficiencia y participaci\u00f3n ciudadana, adopta esta pol\u00edtica para fortalecer los mecanismos de interacci\u00f3n con los usuarios y la comunidad. Busca garantizar el ejercicio pleno del derecho a la participaci\u00f3n, fomentar el control social y promover la corresponsabilidad en la gesti\u00f3n de la salud. Inspirada en los lineamientos nacionales y marcos normativos, esta pol\u00edtica constituye un compromiso de la instituci\u00f3n para construir confianza y transparencia en su gesti\u00f3n.<\/p>\n<p>[\/et_pb_text][et_pb_image src=\u00bbhttps:\/\/hospitalcarmenv.gov.co\/site\/wp-content\/uploads\/2025\/01\/WhatsApp-Image-2025-01-07-at-14.24.27.jpeg\u00bb alt=\u00bbFuncionarios de la E.S.E. Hospital San Juan de Dios\u00bb title_text=\u00bbWhatsApp Image 2025-01-07 at 14.24.27&#8243; url=\u00bb@ET-DC@eyJkeW5hbWljIjp0cnVlLCJjb250ZW50IjoicG9zdF9saW5rX3VybF9hdHRhY2htZW50Iiwic2V0dGluZ3MiOnsicG9zdF9pZCI6IjE0MzY2In19@\u00bb src_last_edited=\u00bboff|desktop\u00bb _builder_version=\u00bb4.18.0&#8243; _dynamic_attributes=\u00bburl\u00bb _module_preset=\u00bbdefault\u00bb background_enable_color=\u00bboff\u00bb background_enable_image=\u00bboff\u00bb min_height=\u00bb543.4px\u00bb custom_margin=\u00bb||-25%||false|false\u00bb custom_padding=\u00bb||0px|||\u00bb global_colors_info=\u00bb{}\u00bb src__hover_enabled=\u00bboff|desktop\u00bb][\/et_pb_image][et_pb_accordion _builder_version=\u00bb4.18.0&#8243; _module_preset=\u00bbdefault\u00bb toggle_level=\u00bbh3&#8243; custom_margin=\u00bb205px|||||\u00bb hover_enabled=\u00bb0&#8243; global_colors_info=\u00bb{}\u00bb sticky_enabled=\u00bb0&#8243;][et_pb_accordion_item title=\u00bbPol\u00edtica de Participaci\u00f3n Ciudadana\u00bb _builder_version=\u00bb4.18.0&#8243; _module_preset=\u00bbdefault\u00bb global_colors_info=\u00bb{}\u00bb open=\u00bbon\u00bb]<\/p>\n<p><span style=\"color: #003366;\"><a href=\"https:\/\/appsites-my.sharepoint.com\/:b:\/g\/personal\/hospitalcarmenv_appsites_onmicrosoft_com\/ETTmS-3WgeNHii8746LK7eEB8kAvLwF6dcb1fLdO_jWEwQ?e=GVDeQk\" target=\"_blank\" rel=\"noopener\" style=\"color: #003366;\">1. Pol\u00edtica de Participaci\u00f3n Ciudadana<\/a><\/span><\/p>\n<p>[\/et_pb_accordion_item][et_pb_accordion_item title=\u00bbPlan de Participaci\u00f3n Ciudadana\u00bb open=\u00bboff\u00bb _builder_version=\u00bb4.18.0&#8243; _module_preset=\u00bbdefault\u00bb hover_enabled=\u00bb0&#8243; global_colors_info=\u00bb{}\u00bb sticky_enabled=\u00bb0&#8243;]<\/p>\n<p><span style=\"color: #003366;\"><a href=\"https:\/\/appsites-my.sharepoint.com\/:x:\/g\/personal\/hospitalcarmenv_appsites_onmicrosoft_com\/Edx2a6uwKWRIuBD-_Fe6faABpeSaAHVo_WhHRIxqcfAklQ?e=nsQAkt\" target=\"_blank\" rel=\"noopener\" style=\"color: #003366;\">PLAN DE PARTICIPACION SOCIAL 2023 &#8211; 2024.xlsx<\/a><\/span><\/p>\n<p><span style=\"color: #003366;\"><a href=\"https:\/\/appsites-my.sharepoint.com\/:x:\/g\/personal\/hospitalcarmenv_appsites_onmicrosoft_com\/EWw8IrPaobFHmhekT4GLK_wBjfBkTQcdWz7mt-W7sx7LRQ?e=GNmQ0w\" target=\"_blank\" rel=\"noopener\" style=\"color: #003366;\">PLAN DE PARTICIPACION SOCIAL 2024 &#8211; 2025.xlsx<\/a><\/span><\/p>\n<p><span style=\"color: #003366;\"><a href=\"https:\/\/appsites-my.sharepoint.com\/:x:\/g\/personal\/hospitalcarmenv_appsites_onmicrosoft_com\/IQA30V_MK6OhSoT2rmUQR11bAfAuDIaYiABRAMdl05zvjAQ?e=6ePIL8\" target=\"_blank\" rel=\"noopener\" style=\"color: #003366;\">PLAN DE PARTICIPACION SOCIAL 2025 &#8211; 2026.xlsx<\/a><\/span><\/p>\n<p>[\/et_pb_accordion_item][et_pb_accordion_item title=\u00bbAnexos\u00bb _builder_version=\u00bb4.18.0&#8243; _module_preset=\u00bbdefault\u00bb global_colors_info=\u00bb{}\u00bb open=\u00bboff\u00bb]<\/p>\n<ol>\n<li><span style=\"color: #003366;\"><a href=\"https:\/\/appsites-my.sharepoint.com\/:f:\/g\/personal\/hospitalcarmenv_appsites_onmicrosoft_com\/EjYyP_5HO-5PpyTt9G9uBTUBXxb5SW_fu0914VpvmWIvhw?e=erbVoN\" target=\"_blank\" rel=\"noopener\" style=\"color: #003366;\">2020<\/a><\/span><\/li>\n<li><span style=\"color: #003366;\"><a href=\"https:\/\/appsites-my.sharepoint.com\/:f:\/g\/personal\/hospitalcarmenv_appsites_onmicrosoft_com\/EmVUhSBUPBJPiRCEdGCVnVEBMzgckQjdJ1JwMS0DfrH72A?e=g7fy8s\" target=\"_blank\" rel=\"noopener\" style=\"color: #003366;\">2021<\/a><\/span><\/li>\n<li><span style=\"color: #003366;\"><a href=\"https:\/\/appsites-my.sharepoint.com\/:f:\/g\/personal\/hospitalcarmenv_appsites_onmicrosoft_com\/EmXfx5O8zp9Ot095N6Gzg4wBqaGApkTDa2ELarB8BCI45w?e=ZIfVhF\" target=\"_blank\" rel=\"noopener\" style=\"color: #003366;\">2022<\/a><\/span><\/li>\n<li><span style=\"color: #003366;\"><a href=\"https:\/\/appsites-my.sharepoint.com\/:f:\/g\/personal\/hospitalcarmenv_appsites_onmicrosoft_com\/EungM3CrjixNvJDrY8cHmYgBGfoBS1iX4DlktEYxxVR1rw?e=mbA3r8\" target=\"_blank\" rel=\"noopener\" style=\"color: #003366;\">2023<\/a><\/span><\/li>\n<li><span style=\"color: #003366;\"><a href=\"https:\/\/appsites-my.sharepoint.com\/:f:\/g\/personal\/hospitalcarmenv_appsites_onmicrosoft_com\/EpZyelKqfatPmEU59OCMEmUBVuGDjrvboQEBbxYuvsssOQ?e=wAA5S4\" target=\"_blank\" rel=\"noopener\" style=\"color: #003366;\">2024<\/a><\/span><\/li>\n<li><span style=\"color: #003366;\"><a href=\"https:\/\/appsites-my.sharepoint.com\/:f:\/g\/personal\/hospitalcarmenv_appsites_onmicrosoft_com\/IgB_7qcAeNY9QZjvaivYn0QjAam6SkqLlJ7BS2eOoZZ5Fqw?e=6p5AvW\" target=\"_blank\" rel=\"noopener\" style=\"color: #003366;\">2025<\/a><\/span><span style=\"color: #003366;\"><\/span><\/li>\n<\/ol>\n<p>[\/et_pb_accordion_item][\/et_pb_accordion][\/et_pb_column][et_pb_column type=\u00bb1_4&#8243; _builder_version=\u00bb4.18.0&#8243; _module_preset=\u00bbdefault\u00bb custom_padding_tablet=\u00bb|4%|||false|false\u00bb custom_padding_phone=\u00bb|4%|||false|false\u00bb custom_padding_last_edited=\u00bbon|tablet\u00bb global_colors_info=\u00bb{}\u00bb custom_css_main_element_last_edited=\u00bbon|tablet\u00bb custom_css_main_element_tablet=\u00bbwidth: 50%;\u00bb custom_css_main_element_phone=\u00bbwidth: 50%;\u00bb][\/et_pb_column][\/et_pb_row][\/et_pb_section]<\/p>\n","protected":false},"excerpt":{"rendered":"<p>PARTICIPACI\u00d3N SOCIAL EN SALUDPol\u00edtica de Participaci\u00f3n Social en SaludEl Hospital San Juan de Dios del Carmen, en cumplimiento de su misi\u00f3n institucional y en concordancia con los principios de transparencia, eficiencia y participaci\u00f3n ciudadana, adopta esta pol\u00edtica para fortalecer los mecanismos de interacci\u00f3n con los usuarios y la comunidad. Busca garantizar el ejercicio pleno del [&hellip;]<\/p>\n","protected":false},"author":1,"featured_media":0,"parent":0,"menu_order":0,"comment_status":"closed","ping_status":"closed","template":"","meta":{"_et_pb_use_builder":"on","_et_pb_old_content":"","_et_gb_content_width":"","_joinchat":[],"footnotes":""},"class_list":["post-14358","page","type-page","status-publish","hentry"],"yoast_head":"<!-- This site is optimized with the Yoast SEO plugin v27.6 - https:\/\/yoast.com\/product\/yoast-seo-wordpress\/ -->\n<title>Participaci\u00f3n Social en Salud - Hospital San Juan de Dios<\/title>\n<meta name=\"robots\" content=\"index, follow, max-snippet:-1, max-image-preview:large, max-video-preview:-1\" \/>\n<link rel=\"canonical\" href=\"https:\/\/hospitalcarmenv.gov.co\/site\/participacion-social-en-salud\/\" \/>\n<meta property=\"og:locale\" content=\"es_ES\" \/>\n<meta property=\"og:type\" content=\"article\" \/>\n<meta property=\"og:title\" content=\"Participaci\u00f3n Social en Salud - Hospital San Juan de Dios\" \/>\n<meta property=\"og:description\" content=\"PARTICIPACI\u00d3N SOCIAL EN SALUDPol\u00edtica de Participaci\u00f3n Social en SaludEl Hospital San Juan de Dios del Carmen, en cumplimiento de su misi\u00f3n institucional y en concordancia con los principios de transparencia, eficiencia y participaci\u00f3n ciudadana, adopta esta pol\u00edtica para fortalecer los mecanismos de interacci\u00f3n con los usuarios y la comunidad. Busca garantizar el ejercicio pleno del [&hellip;]\" \/>\n<meta property=\"og:url\" content=\"https:\/\/hospitalcarmenv.gov.co\/site\/participacion-social-en-salud\/\" \/>\n<meta property=\"og:site_name\" content=\"Hospital San Juan de Dios\" \/>\n<meta property=\"article:publisher\" content=\"https:\/\/www.facebook.com\/p\/Hospital-El-Carmen-de-Viboral-100057399410194\/?locale=es_LA\" \/>\n<meta property=\"article:modified_time\" content=\"2026-05-06T13:24:09+00:00\" \/>\n<meta name=\"twitter:card\" content=\"summary_large_image\" \/>\n<script type=\"application\/ld+json\" class=\"yoast-schema-graph\">{\"@context\":\"https:\\\/\\\/schema.org\",\"@graph\":[{\"@type\":\"WebPage\",\"@id\":\"https:\\\/\\\/hospitalcarmenv.gov.co\\\/site\\\/participacion-social-en-salud\\\/\",\"url\":\"https:\\\/\\\/hospitalcarmenv.gov.co\\\/site\\\/participacion-social-en-salud\\\/\",\"name\":\"Participaci\u00f3n Social en Salud - Hospital San Juan de Dios\",\"isPartOf\":{\"@id\":\"https:\\\/\\\/hospitalcarmenv.gov.co\\\/site\\\/#website\"},\"datePublished\":\"2025-02-26T15:31:44+00:00\",\"dateModified\":\"2026-05-06T13:24:09+00:00\",\"breadcrumb\":{\"@id\":\"https:\\\/\\\/hospitalcarmenv.gov.co\\\/site\\\/participacion-social-en-salud\\\/#breadcrumb\"},\"inLanguage\":\"es\",\"potentialAction\":[{\"@type\":\"ReadAction\",\"target\":[\"https:\\\/\\\/hospitalcarmenv.gov.co\\\/site\\\/participacion-social-en-salud\\\/\"]}]},{\"@type\":\"BreadcrumbList\",\"@id\":\"https:\\\/\\\/hospitalcarmenv.gov.co\\\/site\\\/participacion-social-en-salud\\\/#breadcrumb\",\"itemListElement\":[{\"@type\":\"ListItem\",\"position\":1,\"name\":\"Inicio\",\"item\":\"https:\\\/\\\/hospitalcarmenv.gov.co\\\/site\\\/\"},{\"@type\":\"ListItem\",\"position\":2,\"name\":\"Participaci\u00f3n Social en Salud\"}]},{\"@type\":\"WebSite\",\"@id\":\"https:\\\/\\\/hospitalcarmenv.gov.co\\\/site\\\/#website\",\"url\":\"https:\\\/\\\/hospitalcarmenv.gov.co\\\/site\\\/\",\"name\":\"Hospital San Juan de Dios\",\"description\":\"El Carmen de Viboral\",\"publisher\":{\"@id\":\"https:\\\/\\\/hospitalcarmenv.gov.co\\\/site\\\/#organization\"},\"potentialAction\":[{\"@type\":\"SearchAction\",\"target\":{\"@type\":\"EntryPoint\",\"urlTemplate\":\"https:\\\/\\\/hospitalcarmenv.gov.co\\\/site\\\/?s={search_term_string}\"},\"query-input\":{\"@type\":\"PropertyValueSpecification\",\"valueRequired\":true,\"valueName\":\"search_term_string\"}}],\"inLanguage\":\"es\"},{\"@type\":\"Organization\",\"@id\":\"https:\\\/\\\/hospitalcarmenv.gov.co\\\/site\\\/#organization\",\"name\":\"Hospital San Juan de Dios\",\"url\":\"https:\\\/\\\/hospitalcarmenv.gov.co\\\/site\\\/\",\"logo\":{\"@type\":\"ImageObject\",\"inLanguage\":\"es\",\"@id\":\"https:\\\/\\\/hospitalcarmenv.gov.co\\\/site\\\/#\\\/schema\\\/logo\\\/image\\\/\",\"url\":\"https:\\\/\\\/hospitalcarmenv.gov.co\\\/site\\\/wp-content\\\/uploads\\\/2022\\\/10\\\/logo-hospital.png\",\"contentUrl\":\"https:\\\/\\\/hospitalcarmenv.gov.co\\\/site\\\/wp-content\\\/uploads\\\/2022\\\/10\\\/logo-hospital.png\",\"width\":610,\"height\":190,\"caption\":\"Hospital San Juan de Dios\"},\"image\":{\"@id\":\"https:\\\/\\\/hospitalcarmenv.gov.co\\\/site\\\/#\\\/schema\\\/logo\\\/image\\\/\"},\"sameAs\":[\"https:\\\/\\\/www.facebook.com\\\/p\\\/Hospital-El-Carmen-de-Viboral-100057399410194\\\/?locale=es_LA\",\"https:\\\/\\\/www.instagram.com\\\/hospitalelcarmendev\\\/\"]}]}<\/script>\n<!-- \/ Yoast SEO plugin. -->","yoast_head_json":{"title":"Participaci\u00f3n Social en Salud - Hospital San Juan de Dios","robots":{"index":"index","follow":"follow","max-snippet":"max-snippet:-1","max-image-preview":"max-image-preview:large","max-video-preview":"max-video-preview:-1"},"canonical":"https:\/\/hospitalcarmenv.gov.co\/site\/participacion-social-en-salud\/","og_locale":"es_ES","og_type":"article","og_title":"Participaci\u00f3n Social en Salud - Hospital San Juan de Dios","og_description":"PARTICIPACI\u00d3N SOCIAL EN SALUDPol\u00edtica de Participaci\u00f3n Social en SaludEl Hospital San Juan de Dios del Carmen, en cumplimiento de su misi\u00f3n institucional y en concordancia con los principios de transparencia, eficiencia y participaci\u00f3n ciudadana, adopta esta pol\u00edtica para fortalecer los mecanismos de interacci\u00f3n con los usuarios y la comunidad. Busca garantizar el ejercicio pleno del [&hellip;]","og_url":"https:\/\/hospitalcarmenv.gov.co\/site\/participacion-social-en-salud\/","og_site_name":"Hospital San Juan de Dios","article_publisher":"https:\/\/www.facebook.com\/p\/Hospital-El-Carmen-de-Viboral-100057399410194\/?locale=es_LA","article_modified_time":"2026-05-06T13:24:09+00:00","twitter_card":"summary_large_image","schema":{"@context":"https:\/\/schema.org","@graph":[{"@type":"WebPage","@id":"https:\/\/hospitalcarmenv.gov.co\/site\/participacion-social-en-salud\/","url":"https:\/\/hospitalcarmenv.gov.co\/site\/participacion-social-en-salud\/","name":"Participaci\u00f3n Social en Salud - Hospital San Juan de Dios","isPartOf":{"@id":"https:\/\/hospitalcarmenv.gov.co\/site\/#website"},"datePublished":"2025-02-26T15:31:44+00:00","dateModified":"2026-05-06T13:24:09+00:00","breadcrumb":{"@id":"https:\/\/hospitalcarmenv.gov.co\/site\/participacion-social-en-salud\/#breadcrumb"},"inLanguage":"es","potentialAction":[{"@type":"ReadAction","target":["https:\/\/hospitalcarmenv.gov.co\/site\/participacion-social-en-salud\/"]}]},{"@type":"BreadcrumbList","@id":"https:\/\/hospitalcarmenv.gov.co\/site\/participacion-social-en-salud\/#breadcrumb","itemListElement":[{"@type":"ListItem","position":1,"name":"Inicio","item":"https:\/\/hospitalcarmenv.gov.co\/site\/"},{"@type":"ListItem","position":2,"name":"Participaci\u00f3n Social en Salud"}]},{"@type":"WebSite","@id":"https:\/\/hospitalcarmenv.gov.co\/site\/#website","url":"https:\/\/hospitalcarmenv.gov.co\/site\/","name":"Hospital San Juan de Dios","description":"El Carmen de Viboral","publisher":{"@id":"https:\/\/hospitalcarmenv.gov.co\/site\/#organization"},"potentialAction":[{"@type":"SearchAction","target":{"@type":"EntryPoint","urlTemplate":"https:\/\/hospitalcarmenv.gov.co\/site\/?s={search_term_string}"},"query-input":{"@type":"PropertyValueSpecification","valueRequired":true,"valueName":"search_term_string"}}],"inLanguage":"es"},{"@type":"Organization","@id":"https:\/\/hospitalcarmenv.gov.co\/site\/#organization","name":"Hospital San Juan de Dios","url":"https:\/\/hospitalcarmenv.gov.co\/site\/","logo":{"@type":"ImageObject","inLanguage":"es","@id":"https:\/\/hospitalcarmenv.gov.co\/site\/#\/schema\/logo\/image\/","url":"https:\/\/hospitalcarmenv.gov.co\/site\/wp-content\/uploads\/2022\/10\/logo-hospital.png","contentUrl":"https:\/\/hospitalcarmenv.gov.co\/site\/wp-content\/uploads\/2022\/10\/logo-hospital.png","width":610,"height":190,"caption":"Hospital San Juan de Dios"},"image":{"@id":"https:\/\/hospitalcarmenv.gov.co\/site\/#\/schema\/logo\/image\/"},"sameAs":["https:\/\/www.facebook.com\/p\/Hospital-El-Carmen-de-Viboral-100057399410194\/?locale=es_LA","https:\/\/www.instagram.com\/hospitalelcarmendev\/"]}]}},"_links":{"self":[{"href":"https:\/\/hospitalcarmenv.gov.co\/site\/wp-json\/wp\/v2\/pages\/14358","targetHints":{"allow":["GET"]}}],"collection":[{"href":"https:\/\/hospitalcarmenv.gov.co\/site\/wp-json\/wp\/v2\/pages"}],"about":[{"href":"https:\/\/hospitalcarmenv.gov.co\/site\/wp-json\/wp\/v2\/types\/page"}],"author":[{"embeddable":true,"href":"https:\/\/hospitalcarmenv.gov.co\/site\/wp-json\/wp\/v2\/users\/1"}],"replies":[{"embeddable":true,"href":"https:\/\/hospitalcarmenv.gov.co\/site\/wp-json\/wp\/v2\/comments?post=14358"}],"version-history":[{"count":12,"href":"https:\/\/hospitalcarmenv.gov.co\/site\/wp-json\/wp\/v2\/pages\/14358\/revisions"}],"predecessor-version":[{"id":17912,"href":"https:\/\/hospitalcarmenv.gov.co\/site\/wp-json\/wp\/v2\/pages\/14358\/revisions\/17912"}],"wp:attachment":[{"href":"https:\/\/hospitalcarmenv.gov.co\/site\/wp-json\/wp\/v2\/media?parent=14358"}],"curies":[{"name":"wp","href":"https:\/\/api.w.org\/{rel}","templated":true}]}}